{"id":18,"date":"2024-06-02T11:54:19","date_gmt":"2024-06-02T09:54:19","guid":{"rendered":"https:\/\/kivesblanka.hu\/?page_id=18"},"modified":"2025-08-28T17:22:51","modified_gmt":"2025-08-28T15:22:51","slug":"rolam","status":"publish","type":"page","link":"https:\/\/kivesblanka.hu\/en\/rolam\/","title":{"rendered":"About me"},"content":{"rendered":"<div class=\"wp-block-cover alignfull is-light has-parallax\" style=\"margin-top:0;margin-bottom:0;padding-bottom:20vh;min-height:100vh;aspect-ratio:unset;\"><div class=\"wp-block-cover__image-background wp-image-438 has-parallax\" style=\"background-position:50% 50%;background-image:url(https:\/\/kivesblanka.hu\/wp-content\/uploads\/2024\/07\/pexels-john-diez-7578209-scaled.jpg)\"><\/div><span aria-hidden=\"true\" class=\"wp-block-cover__background has-white-background-color has-background-dim\"><\/span><div class=\"wp-block-cover__inner-container has-global-padding is-layout-constrained wp-container-core-cover-is-layout-afcc7dbe wp-block-cover-is-layout-constrained\">\n<div class=\"wp-block-columns is-layout-flex wp-container-core-columns-is-layout-28f84493 wp-block-columns-is-layout-flex\">\n<div class=\"wp-block-column is-layout-flow wp-block-column-is-layout-flow\">\n<h2 class=\"wp-block-heading has-text-align-center has-text-color\" style=\"color:#000000;margin-top:60px;margin-bottom:0px;font-size:clamp(37.821px, 2.364rem + ((1vw - 3.2px) * 3.657), 70px);font-style:normal;font-weight:400;line-height:1.2\">Introduction<\/h2>\n<\/div>\n<\/div>\n<\/div><\/div>\n\n\n\n<div class=\"wp-block-columns alignfull are-vertically-aligned-center has-base-background-color has-background is-layout-flex wp-container-core-columns-is-layout-28f84493 wp-block-columns-is-layout-flex\">\n<div class=\"wp-block-column is-vertically-aligned-center has-global-padding is-layout-constrained wp-container-core-column-is-layout-9e4a03dc wp-block-column-is-layout-constrained\">\n<p class=\"has-text-color\" style=\"color:#000000;font-size:clamp(19.481px, 1.218rem + ((1vw - 3.2px) * 1.309), 31px);font-style:normal;font-weight:200\"><strong>Welcome! <\/strong><br><strong>I am Blanka K\u00edv\u00e9s, a counselling psychologist and Adlerian counsellor living and working in Budapest.<\/strong><\/p>\n<\/div>\n<\/div>\n\n\n\n<div class=\"wp-block-group alignfull has-background has-global-padding is-layout-constrained wp-block-group-is-layout-constrained\" style=\"background-color:#fcf0e6db;margin-top:0px;margin-bottom:0px\">\n<div class=\"wp-block-columns alignwide has-background is-layout-flex wp-container-core-columns-is-layout-8bb48d01 wp-block-columns-is-layout-flex\" style=\"background-color:#fcf0e6db;margin-right:0;margin-left:0;padding-right:0;padding-left:0\">\n<div class=\"wp-block-column is-layout-flow wp-block-column-is-layout-flow\" style=\"flex-basis:44%\">\n<div aria-hidden=\"true\" class=\"wp-block-spacer\"><\/div>\n\n\n\n<figure class=\"wp-block-image alignright is-resized has-custom-border\"><img decoding=\"async\" src=\"https:\/\/kivesblanka.hu\/wp-content\/uploads\/2024\/06\/IMG_5448V-scaled-e1717352139710.jpg\" alt=\"\" class=\"wp-image-50\" style=\"border-radius:30px;width:331px;height:auto\"\/><\/figure>\n\n\n\n<div style=\"height:23px\" aria-hidden=\"true\" class=\"wp-block-spacer\"><\/div>\n<\/div>\n\n\n\n<div class=\"wp-block-column is-layout-flow wp-block-column-is-layout-flow\" style=\"flex-basis:56%\">\n<p style=\"padding-top:4.51rem;padding-right:0;padding-bottom:4.51rem;padding-left:2.71rem\">My curiosity about the developmental potential of <strong>children's minds<\/strong> brought me to the field of psychology.<br><br>Yet, I ended up working with adults in a special field: I became a psychologist at the Hungarian Prison Services, providing <strong>counseling, stress and crisis management<\/strong> for inmates. In this environment, I learned the key helping skills in <strong>crisis support<\/strong>and <strong>rehabilitation<\/strong>. <br><br>Having studied in 3 different countries, I gained international experience in the education of Psychology in <strong>Hungary, South Korea and the US.<\/strong> I also have <strong>multicultural teaching experience<\/strong> gathered from South Korea and Italy.<\/p>\n<\/div>\n<\/div>\n<\/div>\n\n\n\n<div class=\"wp-block-columns alignfull are-vertically-aligned-center has-base-background-color has-background is-layout-flex wp-container-core-columns-is-layout-28f84493 wp-block-columns-is-layout-flex\">\n<div class=\"wp-block-column is-vertically-aligned-center has-global-padding is-layout-constrained wp-container-core-column-is-layout-9e4a03dc wp-block-column-is-layout-constrained\">\n<p>The <strong>crisis counseling <\/strong>, the psychology of <strong>intercultural relations and communities <\/strong>, as well as <strong>career counseling<\/strong> are my areas of expertise. Those who seek my counseling will receive support to overcome the difficulties and crises built up inside them, which will lead to courage, self-respect and self-exploration.<\/p>\n\n\n\n<p class=\" translation-block\">I am committed to helping <strong>adolescent<\/strong> and <strong>adults<\/strong> with life's challenges. One of the main goals of my work is to <em><strong>empower<\/strong><\/em>  individuals to overcome obstacles and reach their full potential. Whether it is<strong> personal, relationship or career related difficulties<\/strong>, I am here to provide support and ensure emotional fulfillment.<\/p>\n\n\n\n<p class=\" translation-block\">I work in both <strong>English<\/strong> and <strong>Hungarian<\/strong>.<\/p>\n\n\n\n<div aria-hidden=\"true\" class=\"wp-block-spacer\"><\/div>\n<\/div>\n<\/div>\n\n\n\n<div class=\"wp-block-group alignfull has-global-padding is-layout-constrained wp-block-group-is-layout-constrained\" style=\"margin-top:0px;margin-bottom:0px\">\n<div class=\"wp-block-columns alignfull is-layout-flex wp-container-core-columns-is-layout-28f84493 wp-block-columns-is-layout-flex\">\n<div class=\"wp-block-column is-layout-flow wp-container-core-column-is-layout-3f7b68c1 wp-block-column-is-layout-flow\" style=\"padding-top:0;padding-bottom:0\">\n<div class=\"wp-block-cover aligncenter is-light\" style=\"padding-top:0;padding-bottom:0\"><img loading=\"lazy\" decoding=\"async\" width=\"1200\" height=\"589\" class=\"wp-block-cover__image-background wp-image-659\" alt=\"\" src=\"https:\/\/kivesblanka.hu\/wp-content\/uploads\/2024\/07\/media_1834019d0360cd24927eb7bb36e6209c4d6067264.jpg\" data-object-fit=\"cover\" srcset=\"https:\/\/kivesblanka.hu\/wp-content\/uploads\/2024\/07\/media_1834019d0360cd24927eb7bb36e6209c4d6067264.jpg 1200w, https:\/\/kivesblanka.hu\/wp-content\/uploads\/2024\/07\/media_1834019d0360cd24927eb7bb36e6209c4d6067264-300x147.jpg 300w, https:\/\/kivesblanka.hu\/wp-content\/uploads\/2024\/07\/media_1834019d0360cd24927eb7bb36e6209c4d6067264-1024x503.jpg 1024w, https:\/\/kivesblanka.hu\/wp-content\/uploads\/2024\/07\/media_1834019d0360cd24927eb7bb36e6209c4d6067264-768x377.jpg 768w\" sizes=\"auto, (max-width: 1200px) 100vw, 1200px\" \/><span aria-hidden=\"true\" class=\"wp-block-cover__background has-background-dim\" style=\"background-color:#fefefe\"><\/span><div class=\"wp-block-cover__inner-container is-layout-flow wp-block-cover-is-layout-flow\">\n<div style=\"height:600px\" aria-hidden=\"true\" class=\"wp-block-spacer\"><\/div>\n<\/div><\/div>\n<\/div>\n<\/div>\n<\/div>\n\n\n\n<div class=\"wp-block-columns alignfull are-vertically-aligned-center is-layout-flex wp-container-core-columns-is-layout-28f84493 wp-block-columns-is-layout-flex\">\n<div class=\"wp-block-column is-vertically-aligned-center has-global-padding is-layout-constrained wp-container-core-column-is-layout-9e4a03dc wp-block-column-is-layout-constrained\">\n<h2 class=\"wp-block-heading has-text-align-center\">Work Experience<\/h2>\n\n\n\n<p>2025 to Current <strong><a href=\"https:\/\/www.lyrahealth.com\/\" data-type=\"link\" data-id=\"https:\/\/www.lyrahealth.com\/\">Lyra Hungary<\/a>, contracted psychologist<\/strong><\/p>\n\n\n\n<ul class=\"wp-block-list\">\n<li>EAP counselling for corporate clients in English and Hungarian<\/li>\n<\/ul>\n\n\n\n<p>2023 to Current: <strong><a href=\"https:\/\/jolelekalapitvany.hu\/\" target=\"_blank\" rel=\"noreferrer noopener\">J\u00f3L\u00c9lek Psychological Foundation<\/a>, private practice<\/strong><\/p>\n\n\n\n<ul class=\"wp-block-list\">\n<li>Counselling for adolescent and adult clients in English and Hungarian<\/li>\n\n\n\n<li>Conducting internal trainings and workshops, creating educational content<\/li>\n<\/ul>\n\n\n\n<p>2020 &#8211; 2023: <strong>Hungarian penal institutions, prison psychologist<\/strong><\/p>\n\n\n\n<ul class=\"wp-block-list\">\n<li>Psychological support for inmates, suicide prevention, crisis management, psychological screening, risk assessment<\/li>\n\n\n\n<li>Special group for sex offender prisoners<\/li>\n\n\n\n<li>Writing expert opinion for special ward, psychiatric examination<\/li>\n\n\n\n<li>Staff training on mental health and suicide prevention<\/li>\n<\/ul>\n\n\n\n<p class=\"has-text-color\" style=\"color:#000000;font-size:clamp(14.642px, 0.915rem + ((1vw - 3.2px) * 0.836), 22px);font-style:normal;font-weight:200\"><strong>Internships<\/strong><\/p>\n\n\n\n<ul class=\"wp-block-list\">\n<li>2024\/02-2024\/05: Internship in Counselling Psychology, ELTE \u00c1JK; Budapest<\/li>\n\n\n\n<li>2023\/02-2023\/05: Internship in Counselling Psychology, Corvinus University of Budapest; Budapest<\/li>\n\n\n\n<li>2020\/09: Clinical Child Psychology Internship, Bethesda Children's Hospital; Budapest<\/li>\n\n\n\n<li>2019\/09 - 2019\/11: Clinical Child Psycholgy Internship, Heim P\u00e1l Children's Hospital, Clinical Psychology Outpatient Clinic; Budapest<\/li>\n\n\n\n<li>2018\/04: Work Psychology Internship, Psidium OnlineTesztek Ltd.; Budapest<\/li>\n\n\n\n<li>2017\/07: Clinical Child Psychology Intrernship, Vadaskert Child and Adolescent Psychiatric Hospital and Outpatient Clinic; Budapest <\/li>\n<\/ul>\n\n\n\n<div style=\"height:30px\" aria-hidden=\"true\" class=\"wp-block-spacer\"><\/div>\n<\/div>\n<\/div>\n\n\n\n<div class=\"wp-block-group alignfull has-background has-global-padding is-layout-constrained wp-block-group-is-layout-constrained\" style=\"background-color:#fcf0e6db;margin-top:0px;margin-bottom:0px\">\n<div class=\"wp-block-columns alignwide are-vertically-aligned-center has-background is-layout-flex wp-container-core-columns-is-layout-28f84493 wp-block-columns-is-layout-flex\" style=\"background-color:#fcf0e6db\">\n<div class=\"wp-block-column is-vertically-aligned-center has-base-background-color has-background has-global-padding is-layout-constrained wp-container-core-column-is-layout-424978f3 wp-block-column-is-layout-constrained\" style=\"padding-top:0px;padding-right:10%;padding-bottom:0px;padding-left:10%\">\n<div class=\"wp-block-columns alignwide is-layout-flex wp-container-core-columns-is-layout-8bb48d01 wp-block-columns-is-layout-flex\" style=\"margin-right:0;margin-left:0;padding-right:0;padding-left:0\">\n<div class=\"wp-block-column is-layout-flow wp-block-column-is-layout-flow\" style=\"flex-basis:56%\">\n<div aria-hidden=\"true\" class=\"wp-block-spacer\"><\/div>\n\n\n\n<h2 class=\"wp-block-heading\">Studies<\/h2>\n\n\n\n<p><strong>Psychology diploma<\/strong>:<\/p>\n\n\n\n<ul class=\"wp-block-list\">\n<li><strong>Licensed Psychologist<\/strong> \u2013 <a href=\"https:\/\/portal.kre.hu\/\" target=\"_blank\" rel=\"noreferrer noopener\">K\u00e1roli G\u00e1sp\u00e1r University<\/a>, Budapest (2021)<\/li>\n\n\n\n<li>Behaviour Analyst \u2013 <a href=\"https:\/\/portal.kre.hu\/\" target=\"_blank\" rel=\"noreferrer noopener\">K\u00e1roli G\u00e1sp\u00e1r University<\/a>, Budapest (2018)<\/li>\n<\/ul>\n\n\n\n<p><strong>Postgraduate studies:<\/strong><\/p>\n\n\n\n<ul class=\"wp-block-list\">\n<li><strong>Counselling Psychologist, <\/strong>crisis specialization \u2013 <a href=\"https:\/\/www.ppk.elte.hu\/\" target=\"_blank\" rel=\"noreferrer noopener\">E\u00f6tv\u00f6s Lor\u00e1nd University<\/a>, Budapest (2024)<\/li>\n<\/ul>\n\n\n\n<p><strong><strong>Other professional and method-specific training:<\/strong><\/strong><\/p>\n\n\n\n<ul class=\"wp-block-list\">\n<li><strong>CBT consultant<\/strong> training \u2013 <a href=\"https:\/\/vikote.hu\/\" target=\"_blank\" rel=\"noreferrer noopener\">Hungarian Association of Behavioural, Cognitive and Schematherapy<\/a>, Budapest (2024 \u2013 current)<\/li>\n\n\n\n<li><strong>Individual psychology (Adlerian) <\/strong>couselling psychologist <a href=\"http:\/\/mipe.hu\/\" data-type=\"link\" data-id=\"http:\/\/mipe.hu\/\" target=\"_blank\" rel=\"noreferrer noopener\">Hungarian Association of Individual Psychology<\/a>, Budapest (2021 &#8211; 2025)<\/li>\n\n\n\n<li><strong>Autogenic training<\/strong> 150 hours self-knowledge training <a href=\"https:\/\/relaxacio.hu\/\" target=\"_blank\" rel=\"noreferrer noopener\">Hungarian Association for Relaxation and Symboltherapy<\/a> (2018-2020)<\/li>\n\n\n\n<li><strong>Counselling Psychology<\/strong> MA Exchange semester \u2013 <a href=\"https:\/\/www.handong.edu\/eng\/\" target=\"_blank\" rel=\"noreferrer noopener\">Handong Global University<\/a>, Pohang, South Korea (2020)<\/li>\n\n\n\n<li><strong>Counselling skills<\/strong> intense course \u2013 <a href=\"https:\/\/calvin.edu\/\" data-type=\"link\" data-id=\"https:\/\/calvin.edu\/\" target=\"_blank\" rel=\"noreferrer noopener\">Calvin University<\/a>, Michigan, USA (2020)<\/li>\n\n\n\n<li><strong>Counselling Psychology<\/strong> BA Exchange semester \u2013 <a href=\"https:\/\/www.handong.edu\/eng\/\" target=\"_blank\" rel=\"noreferrer noopener\">Handong Global University<\/a>, Pohang, South Korea (2017)<\/li>\n<\/ul>\n\n\n\n<div style=\"height:26px\" aria-hidden=\"true\" class=\"wp-block-spacer\"><\/div>\n<\/div>\n\n\n\n<div class=\"wp-block-column is-layout-flow wp-block-column-is-layout-flow\" style=\"flex-basis:44%\">\n<div aria-hidden=\"true\" class=\"wp-block-spacer\"><\/div>\n\n\n\n<div style=\"height:100px\" aria-hidden=\"true\" class=\"wp-block-spacer\"><\/div>\n\n\n\n<div aria-hidden=\"true\" class=\"wp-block-spacer\"><\/div>\n\n\n\n<figure class=\"wp-block-image size-full is-resized has-custom-border\"><img loading=\"lazy\" decoding=\"async\" width=\"1709\" height=\"2560\" src=\"https:\/\/kivesblanka.hu\/wp-content\/uploads\/2024\/06\/jonathan-daniels-aqXcd12XrYY-unsplash-scaled.jpg\" alt=\"\" class=\"wp-image-117\" style=\"border-radius:30px;width:521px;height:auto\" srcset=\"https:\/\/kivesblanka.hu\/wp-content\/uploads\/2024\/06\/jonathan-daniels-aqXcd12XrYY-unsplash-scaled.jpg 1709w, https:\/\/kivesblanka.hu\/wp-content\/uploads\/2024\/06\/jonathan-daniels-aqXcd12XrYY-unsplash-200x300.jpg 200w, https:\/\/kivesblanka.hu\/wp-content\/uploads\/2024\/06\/jonathan-daniels-aqXcd12XrYY-unsplash-684x1024.jpg 684w, https:\/\/kivesblanka.hu\/wp-content\/uploads\/2024\/06\/jonathan-daniels-aqXcd12XrYY-unsplash-768x1150.jpg 768w, https:\/\/kivesblanka.hu\/wp-content\/uploads\/2024\/06\/jonathan-daniels-aqXcd12XrYY-unsplash-1025x1536.jpg 1025w, https:\/\/kivesblanka.hu\/wp-content\/uploads\/2024\/06\/jonathan-daniels-aqXcd12XrYY-unsplash-1367x2048.jpg 1367w\" sizes=\"auto, (max-width: 1709px) 100vw, 1709px\" \/><\/figure>\n<\/div>\n<\/div>\n<\/div>\n<\/div>\n<\/div>\n\n\n\n<div class=\"wp-block-columns alignfull are-vertically-aligned-center is-layout-flex wp-container-core-columns-is-layout-28f84493 wp-block-columns-is-layout-flex\">\n<div class=\"wp-block-column is-vertically-aligned-center has-global-padding is-layout-constrained wp-container-core-column-is-layout-9e4a03dc wp-block-column-is-layout-constrained\">\n<h2 class=\"wp-block-heading has-text-align-center\">Scientific activity<\/h2>\n\n\n\n<p><strong><strong>Memberships: <\/strong><\/strong><\/p>\n\n\n\n<ul class=\"wp-block-list\">\n<li><a href=\"https:\/\/vikote.hu\/\" target=\"_blank\" rel=\"noreferrer noopener\">Hungarian Association of Behavioural, Cognitive and Schematherapy<\/a>, Budapest (2024 \u2013 current)<\/li>\n\n\n\n<li><a href=\"http:\/\/mipe.hu\/\" data-type=\"link\" data-id=\"http:\/\/mipe.hu\/\" target=\"_blank\" rel=\"noreferrer noopener\">Hungarian Association of Individual Psychology<\/a>, Budapest (2021 \u2013 current)<\/li>\n<\/ul>\n\n\n\n<p><strong>Research, articles<\/strong>:<\/p>\n\n\n\n<ul class=\"wp-block-list\">\n<li>K\u00edv\u00e9s, B. (2020). Gyermekv\u00e1llal\u00e1si motiv\u00e1ci\u00f3k \u00f6sszehasonl\u00edt\u00e1sa magyar \u00e9s d\u00e9l-koreai fiatal feln\u0151ttekn\u00e9l &#8211; Campus Mundi \u00f6szt\u00f6nd\u00edjas kutat\u00e1s &#8211; <a href=\"https:\/\/hallgatoi-osztondijak.hu\/campus_mundi_osztondijasok_kutatasai\/pszichologia\" target=\"_blank\" rel=\"noreferrer noopener\">Available HERE<\/a><\/li>\n\n\n\n<li>K\u00edv\u00e9s, B. (2018). Egy modern t\u00f6megjelens\u00e9g nyom\u00e1ban \u2013 a d\u00e9l-koreai plasztikai seb\u00e9szet. In: Tudom\u00e1nyos eredm\u00e9nyek a nagyvil\u00e1gb\u00f3l. Budapest: Tempus K\u00f6zalap\u00edtv\u00e1ny. 17\u201321. <a href=\"https:\/\/tka.hu\/docs\/palyazatok\/cm_szakmai_publikacios_kotet_2019_bovitett_web.pdf\" target=\"_blank\" rel=\"noreferrer noopener\">Available HERE <\/a><\/li>\n\n\n\n<li>K\u00edv\u00e9s, B. (2018). Verseng\u0151 kollektivist\u00e1k \u2013 A verseng\u00e9s jelens\u00e9g\u00e9nek \u00f6sszehasonl\u00edt\u00e1sa individualista \u00e9s kollektivista kult\u00far\u00e1kban. In: Tudom\u00e1nyos eredm\u00e9nyek a nagyvil\u00e1gb\u00f3l. Budapest: Tempus K\u00f6zalap\u00edtv\u00e1ny. 80-86. <a href=\"https:\/\/tka.hu\/docs\/palyazatok\/cm_szakmai_publikacios_kotet_2019_bovitett_web.pdf\" target=\"_blank\" rel=\"noreferrer noopener\">Available HERE <\/a><\/li>\n<\/ul>\n\n\n\n<div style=\"height:30px\" aria-hidden=\"true\" class=\"wp-block-spacer\"><\/div>\n<\/div>\n<\/div>\n\n\n\n<div class=\"wp-block-group alignfull is-style-default has-background has-global-padding is-content-justification-center is-layout-constrained wp-block-group-is-layout-constrained\" id=\"K\u00e9rjen-id\u0151pontot!\" style=\"background-color:#ffffff;min-height:0px;margin-top:0px;margin-bottom:0px;padding-top:122px;padding-bottom:80px;background-image:url(&apos;https:\/\/kivesblanka.hu\/wp-content\/uploads\/2024\/06\/adventure-1846482_1280-1.jpg&apos;);background-position:51% 56.99999999999999%;background-size:cover;\">\n<h3 class=\"wp-block-heading has-text-align-center has-text-color\" style=\"color:#ffffff;font-size:clamp(26.465px, 1.654rem + ((1vw - 3.2px) * 2.106), 45px);font-style:normal;font-weight:400\">Request an appointment!<\/h3>\n\n\n\n<div class=\"wp-block-columns is-layout-flex wp-container-core-columns-is-layout-28f84493 wp-block-columns-is-layout-flex\">\n<div class=\"wp-block-column is-layout-flow wp-container-core-column-is-layout-343acf9e wp-block-column-is-layout-flow\">\n<p class=\"has-text-align-center has-text-color\" style=\"color:#ffffff;font-size:clamp(17.371px, 1.086rem + ((1vw - 3.2px) * 1.094), 27px);\">Contact me, feel free to ask questions!<\/p>\n\n\n\n<div class=\"wp-block-buttons is-horizontal is-content-justification-center is-layout-flex wp-container-core-buttons-is-layout-598173bd wp-block-buttons-is-layout-flex\" style=\"margin-top:40px\">\n<div class=\"wp-block-button is-style-fill\"><a class=\"wp-block-button__link has-text-color has-background has-text-align-center has-custom-font-size wp-element-button\" href=\"https:\/\/kivesblanka.hu\/en\/kapcsolat\/\" style=\"border-radius:32px;color:#fdfdfd;background-color:#eb3417e0;padding-top:15px;padding-right:70px;padding-bottom:15px;padding-left:70px;font-size:clamp(14px, 0.875rem + ((1vw - 3.2px) * 0.455), 18px);\">Contact<\/a><\/div>\n<\/div>\n<\/div>\n<\/div>\n<\/div>","protected":false},"excerpt":{"rendered":"<p>\u00dcdv\u00f6zl\u00f6m! K\u00edv\u00e9s Blanka vagyok, Budapesten \u00e9l\u0151 \u00e9s dolgoz\u00f3 tan\u00e1csad\u00f3 szakpszichol\u00f3gus, individu\u00e1lpszichol\u00f3giai tan\u00e1csad\u00f3. A pszichol\u00f3gus p\u00e1ly\u00e1ra a gyermeki elme fejl\u0151d\u00e9si lehet\u0151s\u00e9gei ir\u00e1nti k\u00edv\u00e1ncsis\u00e1g hozott. V\u00e9g\u00fcl feln\u0151ttekkel kezdtem dolgozni egy eg\u00e9szen speci\u00e1lis ter\u00fcleten, b\u00fcntet\u00e9s-v\u00e9grehajt\u00e1sban voltam pszichol\u00f3gus, mely sor\u00e1n tan\u00e1csad\u00e1st, stressz- \u00e9s kr\u00edziskezel\u00e9st biztos\u00edtottam fogvatartottaknak. Ebben a k\u00f6rnyezetben tanultam meg a kr\u00edzist\u00e1mogat\u00e1sban \u00e9s rehabilit\u00e1ci\u00f3ban kulcsfontoss\u00e1g\u00fa seg\u00edt\u0151i k\u00e9szs\u00e9geket. H\u00e1rom [&hellip;]<\/p>","protected":false},"author":1,"featured_media":0,"parent":0,"menu_order":0,"comment_status":"closed","ping_status":"closed","template":"","meta":{"_seopress_robots_primary_cat":"","_seopress_titles_title":"","_seopress_titles_desc":"K\u00edv\u00e9s Blanka vagyok, Budapesten \u00e9l\u0151 \u00e9s dolgoz\u00f3 tan\u00e1csad\u00f3 szakpszichol\u00f3gus. Kr\u00edzist\u00e1mogat\u00e1s, CBT, Individu\u00e1lpszichol\u00f3giai tan\u00e1csad\u00e1s, szem\u00e9lyesen \u00e9s online","_seopress_robots_index":"","footnotes":""},"class_list":["post-18","page","type-page","status-publish","hentry"],"_links":{"self":[{"href":"https:\/\/kivesblanka.hu\/en\/wp-json\/wp\/v2\/pages\/18","targetHints":{"allow":["GET"]}}],"collection":[{"href":"https:\/\/kivesblanka.hu\/en\/wp-json\/wp\/v2\/pages"}],"about":[{"href":"https:\/\/kivesblanka.hu\/en\/wp-json\/wp\/v2\/types\/page"}],"author":[{"embeddable":true,"href":"https:\/\/kivesblanka.hu\/en\/wp-json\/wp\/v2\/users\/1"}],"replies":[{"embeddable":true,"href":"https:\/\/kivesblanka.hu\/en\/wp-json\/wp\/v2\/comments?post=18"}],"version-history":[{"count":136,"href":"https:\/\/kivesblanka.hu\/en\/wp-json\/wp\/v2\/pages\/18\/revisions"}],"predecessor-version":[{"id":1430,"href":"https:\/\/kivesblanka.hu\/en\/wp-json\/wp\/v2\/pages\/18\/revisions\/1430"}],"wp:attachment":[{"href":"https:\/\/kivesblanka.hu\/en\/wp-json\/wp\/v2\/media?parent=18"}],"curies":[{"name":"wp","href":"https:\/\/api.w.org\/{rel}","templated":true}]}}