{"id":20,"date":"2024-06-02T11:55:30","date_gmt":"2024-06-02T09:55:30","guid":{"rendered":"https:\/\/kivesblanka.hu\/?page_id=20"},"modified":"2025-10-03T18:54:47","modified_gmt":"2025-10-03T16:54:47","slug":"tanacsadas","status":"publish","type":"page","link":"https:\/\/kivesblanka.hu\/en\/tanacsadas\/","title":{"rendered":"Counselling"},"content":{"rendered":"<div class=\"wp-block-cover alignfull is-light has-parallax\" style=\"min-height:100vh;aspect-ratio:unset;\"><div class=\"wp-block-cover__image-background wp-image-162 has-parallax\" style=\"background-position:50% 50%;background-image:url(https:\/\/kivesblanka.hu\/wp-content\/uploads\/2024\/06\/pexels-shvets-production-7176036-scaled.jpg)\"><\/div><span aria-hidden=\"true\" class=\"wp-block-cover__background has-white-background-color has-background-dim\"><\/span><div class=\"wp-block-cover__inner-container has-global-padding is-layout-constrained wp-block-cover-is-layout-constrained\">\n<div class=\"wp-block-columns alignfull are-vertically-aligned-center is-layout-flex wp-container-core-columns-is-layout-28f84493 wp-block-columns-is-layout-flex\">\n<div class=\"wp-block-column is-vertically-aligned-center is-layout-flow wp-block-column-is-layout-flow\">\n<h2 class=\"wp-block-heading has-text-align-center has-text-color\" style=\"color:#010000;font-size:clamp(37.821px, 2.364rem + ((1vw - 3.2px) * 3.657), 70px);\">Psychological counselling<\/h2>\n<\/div>\n<\/div>\n<\/div><\/div>\n\n\n\n<section class=\"wp-block-cover alignfull is-light has-custom-color-2-color has-text-color\" style=\"margin-top:0px;margin-bottom:0px;padding-top:100px;padding-right:20px;padding-bottom:100px;padding-left:20px\" id=\"tanacsadas-formai\"><span aria-hidden=\"true\" class=\"wp-block-cover__background has-custom-color-1-background-color has-background-dim-0 has-background-dim\"><\/span><div class=\"wp-block-cover__inner-container has-global-padding is-layout-constrained wp-container-core-cover-is-layout-47630ab8 wp-block-cover-is-layout-constrained\">\n<h2 class=\"wp-block-heading has-text-align-center has-text-color\" style=\"color:#000100;margin-top:0px;margin-right:0px;margin-bottom:16px;margin-left:0px;font-size:clamp(24.034px, 1.502rem + ((1vw - 3.2px) * 1.814), 40px);font-style:normal;font-weight:400;line-height:1.2\"><strong>Forms of counselling<\/strong><\/h2>\n\n\n\n<hr class=\"wp-block-separator has-text-color has-alpha-channel-opacity has-background\" style=\"margin-top:0px;margin-bottom:50px;background-color:#f33535;color:#f33535\"\/>\n\n\n\n<div class=\"wp-block-columns is-layout-flex wp-container-core-columns-is-layout-13e94aa7 wp-block-columns-is-layout-flex\">\n<div class=\"wp-block-column is-layout-flow wp-container-core-column-is-layout-fe0e2ea3 wp-block-column-is-layout-flow\">\n<figure class=\"wp-block-image size-full is-resized is-style-default\"><img decoding=\"async\" src=\"https:\/\/kivesblanka.hu\/wp-content\/uploads\/2024\/06\/pexels-orlovamaria-4946635-scaled.jpg\" alt=\"\" class=\"wp-image-214\" style=\"width:383px;height:auto\"\/><\/figure>\n\n\n\n<h4 class=\"wp-block-heading has-text-align-center has-text-color\" style=\"color:#000000;margin-top:1.75rem;font-size:clamp(14.642px, 0.915rem + ((1vw - 3.2px) * 0.836), 22px);font-style:normal;font-weight:400\">Individual counselling<\/h4>\n\n\n\n<p class=\"has-text-color\" style=\"color:#000000;margin-bottom:0rem;font-size:clamp(14px, 0.875rem + ((1vw - 3.2px) * 0.227), 16px);\">Discover your strengths, develop coping strategies and self-knowledge in a non-judgmental, supportive environment.<\/p>\n\n\n\n<div class=\"wp-block-buttons is-content-justification-center is-layout-flex wp-container-core-buttons-is-layout-a89b3969 wp-block-buttons-is-layout-flex\">\n<div class=\"wp-block-button is-style-fill\"><a class=\"wp-block-button__link has-text-color has-link-color wp-element-button\" href=\"https:\/\/kivesblanka.hu\/en\/egyeni-tanacsadas\/\" style=\"border-radius:20px;color:#fefdfd\">Read more<\/a><\/div>\n<\/div>\n<\/div>\n\n\n\n<div class=\"wp-block-column is-layout-flow wp-container-core-column-is-layout-fe0e2ea3 wp-block-column-is-layout-flow\">\n<figure class=\"wp-block-image size-full is-resized\"><img loading=\"lazy\" decoding=\"async\" width=\"1920\" height=\"2560\" src=\"https:\/\/kivesblanka.hu\/wp-content\/uploads\/2024\/06\/pexels-karolina-grabowska-6345401-edited-1-scaled.jpg\" alt=\"\" class=\"wp-image-219\" style=\"width:383px\" srcset=\"https:\/\/kivesblanka.hu\/wp-content\/uploads\/2024\/06\/pexels-karolina-grabowska-6345401-edited-1-scaled.jpg 1920w, https:\/\/kivesblanka.hu\/wp-content\/uploads\/2024\/06\/pexels-karolina-grabowska-6345401-edited-1-225x300.jpg 225w, https:\/\/kivesblanka.hu\/wp-content\/uploads\/2024\/06\/pexels-karolina-grabowska-6345401-edited-1-768x1024.jpg 768w, https:\/\/kivesblanka.hu\/wp-content\/uploads\/2024\/06\/pexels-karolina-grabowska-6345401-edited-1-1152x1536.jpg 1152w, https:\/\/kivesblanka.hu\/wp-content\/uploads\/2024\/06\/pexels-karolina-grabowska-6345401-edited-1-1536x2048.jpg 1536w\" sizes=\"auto, (max-width: 1920px) 100vw, 1920px\" \/><\/figure>\n\n\n\n<h4 class=\"wp-block-heading has-text-align-center has-text-color\" style=\"color:#010100;margin-top:1.75rem;font-size:clamp(14.642px, 0.915rem + ((1vw - 3.2px) * 0.836), 22px);font-style:normal;font-weight:400\">Adolescent consultation<\/h4>\n\n\n\n<p class=\"has-text-color\" style=\"color:#000000;font-size:clamp(14px, 0.875rem + ((1vw - 3.2px) * 0.227), 16px);\">Personalised support for adolescents and parents of adolescents, exploring emotions along age-related challenges. <\/p>\n\n\n\n<div class=\"wp-block-buttons is-content-justification-center is-layout-flex wp-container-core-buttons-is-layout-a89b3969 wp-block-buttons-is-layout-flex\">\n<div class=\"wp-block-button is-style-fill\"><a class=\"wp-block-button__link has-text-color has-link-color wp-element-button\" href=\"https:\/\/kivesblanka.hu\/en\/serdulokonzultacio\/\" style=\"border-radius:20px;color:#fefdfd\">Read more<\/a><\/div>\n<\/div>\n<\/div>\n\n\n\n<div class=\"wp-block-column is-layout-flow wp-container-core-column-is-layout-da1d6529 wp-block-column-is-layout-flow\">\n<figure class=\"wp-block-image size-full\"><img loading=\"lazy\" decoding=\"async\" width=\"1919\" height=\"2560\" src=\"https:\/\/kivesblanka.hu\/wp-content\/uploads\/2024\/06\/pexels-ketut-subiyanto-4474031-edited-scaled.jpg\" alt=\"\" class=\"wp-image-220\" srcset=\"https:\/\/kivesblanka.hu\/wp-content\/uploads\/2024\/06\/pexels-ketut-subiyanto-4474031-edited-scaled.jpg 1919w, https:\/\/kivesblanka.hu\/wp-content\/uploads\/2024\/06\/pexels-ketut-subiyanto-4474031-edited-225x300.jpg 225w, https:\/\/kivesblanka.hu\/wp-content\/uploads\/2024\/06\/pexels-ketut-subiyanto-4474031-edited-768x1024.jpg 768w, https:\/\/kivesblanka.hu\/wp-content\/uploads\/2024\/06\/pexels-ketut-subiyanto-4474031-edited-1152x1536.jpg 1152w, https:\/\/kivesblanka.hu\/wp-content\/uploads\/2024\/06\/pexels-ketut-subiyanto-4474031-edited-1536x2048.jpg 1536w\" sizes=\"auto, (max-width: 1919px) 100vw, 1919px\" \/><\/figure>\n\n\n\n<h4 class=\"wp-block-heading has-text-align-center has-text-color\" style=\"color:#000000;margin-top:1.75rem;font-size:clamp(14.642px, 0.915rem + ((1vw - 3.2px) * 0.836), 22px);font-style:normal;font-weight:400\">Online counselling<\/h4>\n\n\n\n<p class=\"has-text-color\" style=\"color:#000000;font-size:clamp(14px, 0.875rem + ((1vw - 3.2px) * 0.227), 16px);\">Accessible counselling, wherever you are in the world. Experience the mental support that comes through the online platform.<\/p>\n\n\n\n<div class=\"wp-block-buttons is-content-justification-center is-layout-flex wp-container-core-buttons-is-layout-a89b3969 wp-block-buttons-is-layout-flex\">\n<div class=\"wp-block-button is-style-fill\"><a class=\"wp-block-button__link has-text-color has-link-color wp-element-button\" href=\"https:\/\/kivesblanka.hu\/en\/online-tanacsadas\/\" style=\"border-radius:20px;color:#fefdfd\">Read more<\/a><\/div>\n<\/div>\n<\/div>\n<\/div>\n<\/div><\/section>\n\n\n\n<div class=\"wp-block-cover alignfull is-light\" style=\"margin-top:0px;margin-bottom:0px;padding-top:116px;padding-bottom:116px;min-height:66vh;aspect-ratio:unset;\" id=\"Tan\u00e1csad\u00e1s-folyamata\"><span aria-hidden=\"true\" class=\"wp-block-cover__background has-background-dim-100 has-background-dim\" style=\"background-color:#dcd9d0\"><\/span><div class=\"wp-block-cover__inner-container has-global-padding is-layout-constrained wp-container-core-cover-is-layout-92cff959 wp-block-cover-is-layout-constrained\">\n<div class=\"wp-block-columns is-layout-flex wp-container-core-columns-is-layout-28f84493 wp-block-columns-is-layout-flex\">\n<div class=\"wp-block-column is-layout-flow wp-block-column-is-layout-flow\" style=\"flex-basis:50%\">\n<figure class=\"wp-block-image size-full has-custom-border is-style-default\"><img loading=\"lazy\" decoding=\"async\" width=\"2560\" height=\"1707\" src=\"https:\/\/kivesblanka.hu\/wp-content\/uploads\/2024\/06\/pexels-alex-green-5699424-scaled.jpg\" alt=\"\" class=\"wp-image-51\" style=\"border-radius:22px;aspect-ratio:4\/3;object-fit:cover\" srcset=\"https:\/\/kivesblanka.hu\/wp-content\/uploads\/2024\/06\/pexels-alex-green-5699424-scaled.jpg 2560w, https:\/\/kivesblanka.hu\/wp-content\/uploads\/2024\/06\/pexels-alex-green-5699424-300x200.jpg 300w, https:\/\/kivesblanka.hu\/wp-content\/uploads\/2024\/06\/pexels-alex-green-5699424-1024x683.jpg 1024w, https:\/\/kivesblanka.hu\/wp-content\/uploads\/2024\/06\/pexels-alex-green-5699424-768x512.jpg 768w, https:\/\/kivesblanka.hu\/wp-content\/uploads\/2024\/06\/pexels-alex-green-5699424-1536x1024.jpg 1536w, https:\/\/kivesblanka.hu\/wp-content\/uploads\/2024\/06\/pexels-alex-green-5699424-2048x1365.jpg 2048w\" sizes=\"auto, (max-width: 2560px) 100vw, 2560px\" \/><\/figure>\n<\/div>\n\n\n\n<div class=\"wp-block-column has-base-background-color has-background is-layout-flow wp-block-column-is-layout-flow\" style=\"padding-top:60px;padding-right:60px;padding-bottom:60px;padding-left:60px\">\n<h2 class=\"wp-block-heading\"><strong>The process of counselling<\/strong><\/h2>\n\n\n\n<ol class=\"wp-block-list\">\n<li>Contact<\/li>\n\n\n\n<li>Indication of topic<\/li>\n\n\n\n<li>Arranging an appointment<\/li>\n\n\n\n<li>First session - appointing a focus, contracting<\/li>\n\n\n\n<li>Counselling sessions<\/li>\n\n\n\n<li>Closing session(s)<\/li>\n<\/ol>\n\n\n\n<div class=\"wp-block-buttons is-content-justification-center is-layout-flex wp-container-core-buttons-is-layout-a89b3969 wp-block-buttons-is-layout-flex\">\n<div class=\"wp-block-button is-style-fill\"><a class=\"wp-block-button__link has-text-color has-link-color wp-element-button\" href=\"https:\/\/kivesblanka.hu\/en\/tajekoztatok\/\" style=\"border-radius:20px;color:#fefdfd\">Information on conditions<\/a><\/div>\n<\/div>\n<\/div>\n<\/div>\n<\/div><\/div>\n\n\n\n<div class=\"wp-block-cover alignfull is-light has-custom-body-text-color-color has-text-color\" style=\"padding-top:96px;padding-bottom:96px\" id=\"T\u00e9mak\u00f6r\u00f6k\"><span aria-hidden=\"true\" class=\"wp-block-cover__background has-base-background-color has-background-dim-0 has-background-dim\"><\/span><div class=\"wp-block-cover__inner-container has-global-padding is-layout-constrained wp-container-core-cover-is-layout-e1aa79fa wp-block-cover-is-layout-constrained\">\n<h2 class=\"wp-block-heading has-text-align-center has-text-color\" id=\"temakorok\" style=\"color:#000101;margin-top:0px;margin-right:0px;margin-bottom:16px;margin-left:0px;font-size:clamp(24.034px, 1.502rem + ((1vw - 3.2px) * 1.814), 40px);font-style:normal;font-weight:400;line-height:1.2\"><strong>Topics of individual counselling<\/strong><\/h2>\n\n\n\n<hr class=\"wp-block-separator has-text-color has-alpha-channel-opacity has-background\" style=\"margin-top:0px;margin-bottom:50px;background-color:#f33535;color:#f33535\"\/>\n\n\n\n<div class=\"wp-block-group alignfull has-background has-global-padding is-layout-constrained wp-block-group-is-layout-constrained\" style=\"background-color:#faf5f0db;margin-top:0px;margin-bottom:0px;padding-top:120px;padding-bottom:120px\">\n<div class=\"wp-block-columns alignfull are-vertically-aligned-center is-layout-flex wp-container-core-columns-is-layout-8608aa32 wp-block-columns-is-layout-flex\" style=\"padding-bottom:50px\">\n<div class=\"wp-block-column has-global-padding is-layout-constrained wp-container-core-column-is-layout-63eb7806 wp-block-column-is-layout-constrained\">\n<div class=\"wp-block-columns is-layout-flex wp-container-core-columns-is-layout-2eb748b2 wp-block-columns-is-layout-flex\" style=\"margin-top:0px;margin-bottom:0px\">\n<div class=\"wp-block-column is-layout-flow wp-container-core-column-is-layout-391c9608 wp-block-column-is-layout-flow\" style=\"padding-top:50px;padding-right:50px;padding-bottom:50px;padding-left:50px;flex-basis:33.3%\">\n<h3 class=\"wp-block-heading has-text-align-center has-text-color\" style=\"color:#d85c49;font-size:clamp(16.834px, 1.052rem + ((1vw - 3.2px) * 1.042), 26px);font-style:normal;font-weight:400;line-height:1.5\"><strong>Self-evaluation<\/strong><\/h3>\n\n\n\n<p class=\"has-text-align-center has-text-color\" style=\"color:#000000;font-size:clamp(14px, 0.875rem + ((1vw - 3.2px) * 0.341), 17px);line-height:1.7\">I help you to recognise and appreciate your own strengths. You will receive encouragement and support to restore a sense of competence so that you can face everyday challenges with confidence. <\/p>\n<\/div>\n\n\n\n<div class=\"wp-block-column is-layout-flow wp-container-core-column-is-layout-391c9608 wp-block-column-is-layout-flow\" style=\"padding-top:50px;padding-right:50px;padding-bottom:50px;padding-left:50px;flex-basis:33.3%\">\n<h3 class=\"wp-block-heading has-text-align-center has-text-color\" style=\"color:#d85c49;font-size:clamp(16.834px, 1.052rem + ((1vw - 3.2px) * 1.042), 26px);font-style:normal;font-weight:400;line-height:1.5\"><strong>Crisis intervention<\/strong><\/h3>\n\n\n\n<p class=\"has-text-align-center has-text-color\" style=\"color:#000000;font-size:clamp(14px, 0.875rem + ((1vw - 3.2px) * 0.341), 17px);line-height:1.7\">Support to get through life-stage transitions and unexpected crises - normative and accidential crises - and to find an appropriate solution to emerge from the period of psychological challenge stronger.<\/p>\n<\/div>\n\n\n\n<div class=\"wp-block-column is-layout-flow wp-container-core-column-is-layout-391c9608 wp-block-column-is-layout-flow\" style=\"padding-top:50px;padding-right:50px;padding-bottom:50px;padding-left:50px;flex-basis:33.3%\">\n<h3 class=\"wp-block-heading has-text-align-center has-text-color\" style=\"color:#d85c49;font-size:clamp(16.834px, 1.052rem + ((1vw - 3.2px) * 1.042), 26px);font-style:normal;font-weight:400;line-height:1.5\"><strong>Stress management<\/strong><\/h3>\n\n\n\n<p class=\"has-text-align-center has-text-color\" style=\"color:#000000;font-size:clamp(14px, 0.875rem + ((1vw - 3.2px) * 0.341), 17px);line-height:1.7\">I use relaxation techniques, psychoeducation on self-care and conflict management skills to help reduce everyday tensions and prevent burnout.<\/p>\n<\/div>\n<\/div>\n\n\n\n<div class=\"wp-block-columns is-layout-flex wp-container-core-columns-is-layout-2eb748b2 wp-block-columns-is-layout-flex\" style=\"margin-top:0px;margin-bottom:0px\">\n<div class=\"wp-block-column is-layout-flow wp-container-core-column-is-layout-391c9608 wp-block-column-is-layout-flow\" style=\"padding-top:50px;padding-right:50px;padding-bottom:50px;padding-left:50px\">\n<h3 class=\"wp-block-heading has-text-align-center has-text-color\" style=\"color:#d85c49;font-size:clamp(16.834px, 1.052rem + ((1vw - 3.2px) * 1.042), 26px);font-style:normal;font-weight:400;line-height:1.5\"><strong>Intercultural adjustment<\/strong><\/h3>\n\n\n\n<p class=\"has-text-align-center has-text-color\" style=\"color:#000000;font-size:clamp(14px, 0.875rem + ((1vw - 3.2px) * 0.341), 17px);line-height:1.7\">I support you in understanding and managing cultural differences so that you can integrate successfully into your new environment and adapt more easily to intercultural challenges.<\/p>\n<\/div>\n\n\n\n<div class=\"wp-block-column is-layout-flow wp-container-core-column-is-layout-391c9608 wp-block-column-is-layout-flow\" style=\"padding-top:50px;padding-right:50px;padding-bottom:50px;padding-left:50px\">\n<h3 class=\"wp-block-heading has-text-align-center has-text-color\" style=\"color:#d85c49;font-size:clamp(16.834px, 1.052rem + ((1vw - 3.2px) * 1.042), 26px);font-style:normal;font-weight:400;line-height:1.5\"><strong>Career<\/strong><\/h3>\n\n\n\n<p class=\"has-text-align-center has-text-color\" style=\"color:#000000;font-size:clamp(14px, 0.875rem + ((1vw - 3.2px) * 0.341), 17px);line-height:1.7\">I can help you through career change, career planning dilemmas and job-related decisions. I provide counseling on career and lifestyle changes to help you find the best path for you. <\/p>\n<\/div>\n\n\n\n<div class=\"wp-block-column is-layout-flow wp-container-core-column-is-layout-391c9608 wp-block-column-is-layout-flow\" style=\"padding-top:50px;padding-right:50px;padding-bottom:50px;padding-left:50px\">\n<h3 class=\"wp-block-heading has-text-align-center has-text-color\" style=\"color:#d85c49;font-size:clamp(16.834px, 1.052rem + ((1vw - 3.2px) * 1.042), 26px);font-style:normal;font-weight:400;line-height:1.5\"><strong>Relationship issues<\/strong><\/h3>\n\n\n\n<p class=\"has-text-align-center has-text-color\" style=\"color:#000000;font-size:clamp(14px, 0.875rem + ((1vw - 3.2px) * 0.341), 17px);line-height:1.7\">I offer individual counseling for relationship, marriage and family problems. I help you to resolve communication difficulties and conflicts, so that you can develop more harmonious relationships and deeper understanding with your loved ones.<\/p>\n<\/div>\n<\/div>\n\n\n\n<div class=\"wp-block-columns is-layout-flex wp-container-core-columns-is-layout-2eb748b2 wp-block-columns-is-layout-flex\" style=\"margin-top:0px;margin-bottom:0px\">\n<div class=\"wp-block-column is-layout-flow wp-container-core-column-is-layout-391c9608 wp-block-column-is-layout-flow\" style=\"padding-top:50px;padding-right:50px;padding-bottom:50px;padding-left:50px\">\n<h3 class=\"wp-block-heading has-text-align-center has-text-color\" style=\"color:#f08e80;font-size:clamp(16.834px, 1.052rem + ((1vw - 3.2px) * 1.042), 26px);font-style:normal;font-weight:400;line-height:1.5\"><\/h3>\n\n\n\n<p class=\"has-text-align-center has-text-color\" style=\"color:#000000;font-size:clamp(14px, 0.875rem + ((1vw - 3.2px) * 0.341), 17px);line-height:1.7\"><\/p>\n<\/div>\n\n\n\n<div class=\"wp-block-column is-layout-flow wp-container-core-column-is-layout-391c9608 wp-block-column-is-layout-flow\" style=\"padding-top:50px;padding-right:50px;padding-bottom:50px;padding-left:50px\">\n<h3 class=\"wp-block-heading has-text-align-center has-text-color\" style=\"color:#d85c49;font-size:clamp(16.834px, 1.052rem + ((1vw - 3.2px) * 1.042), 26px);font-style:normal;font-weight:400;line-height:1.5\"><strong>Lifetstyle<\/strong><\/h3>\n\n\n\n<p class=\"has-text-align-center has-text-color\" style=\"color:#000000;font-size:clamp(14px, 0.875rem + ((1vw - 3.2px) * 0.341), 17px);line-height:1.7\">I offer support to help you overcome personal and social adjustment difficulties, communication and life management problems so that you can live a more harmonious and balanced life.<\/p>\n<\/div>\n\n\n\n<div class=\"wp-block-column is-layout-flow wp-container-core-column-is-layout-391c9608 wp-block-column-is-layout-flow\" style=\"padding-top:50px;padding-right:50px;padding-bottom:50px;padding-left:50px\">\n<h3 class=\"wp-block-heading has-text-align-center has-text-color\" style=\"color:#f08e80;font-size:clamp(16.834px, 1.052rem + ((1vw - 3.2px) * 1.042), 26px);font-style:normal;font-weight:400;line-height:1.5\"><\/h3>\n\n\n\n<p class=\"has-text-align-center has-text-color\" style=\"color:#000000;font-size:clamp(14px, 0.875rem + ((1vw - 3.2px) * 0.341), 17px);line-height:1.7\"><\/p>\n<\/div>\n<\/div>\n<\/div>\n<\/div>\n\n\n\n<div class=\"wp-block-columns is-layout-flex wp-container-core-columns-is-layout-28f84493 wp-block-columns-is-layout-flex\">\n<div class=\"wp-block-column is-layout-flow wp-block-column-is-layout-flow\">\n<div class=\"wp-block-buttons is-horizontal is-content-justification-center is-layout-flex wp-container-core-buttons-is-layout-ef5ce59c wp-block-buttons-is-layout-flex\">\n<div class=\"wp-block-button is-style-fill\"><a class=\"wp-block-button__link has-text-color has-background has-text-align-center has-custom-font-size wp-element-button\" href=\"https:\/\/kivesblanka.hu\/en\/kapcsolat\/\" style=\"border-radius:25px;color:#fefefe;background-color:#eb3417e0;padding-top:16px;padding-right:35px;padding-bottom:16px;padding-left:35px;font-size:clamp(14px, 0.875rem + ((1vw - 3.2px) * 0.227), 16px);\">Let's start!<\/a><\/div>\n<\/div>\n<\/div>\n<\/div>\n<\/div>\n<\/div><\/div>\n\n\n\n<div class=\"wp-block-group alignfull is-style-default has-background has-global-padding is-content-justification-center is-layout-constrained wp-block-group-is-layout-constrained\" id=\"K\u00e9rjen-id\u0151pontot!\" style=\"background-color:#ffffff;min-height:0px;margin-top:0px;margin-bottom:0px;padding-top:122px;padding-bottom:80px;background-image:url(&apos;https:\/\/kivesblanka.hu\/wp-content\/uploads\/2024\/06\/adventure-1846482_1280-1.jpg&apos;);background-position:51% 56.99999999999999%;background-size:cover;\">\n<h3 class=\"wp-block-heading has-text-align-center has-text-color\" style=\"color:#ffffff;font-size:clamp(26.465px, 1.654rem + ((1vw - 3.2px) * 2.106), 45px);font-style:normal;font-weight:400\">Request an appointment!<\/h3>\n\n\n\n<div class=\"wp-block-columns is-layout-flex wp-container-core-columns-is-layout-28f84493 wp-block-columns-is-layout-flex\">\n<div class=\"wp-block-column is-layout-flow wp-container-core-column-is-layout-343acf9e wp-block-column-is-layout-flow\">\n<p class=\"has-text-align-center has-text-color\" style=\"color:#ffffff;font-size:clamp(17.371px, 1.086rem + ((1vw - 3.2px) * 1.094), 27px);\">Contact me, feel free to ask questions!<\/p>\n\n\n\n<div class=\"wp-block-buttons is-horizontal is-content-justification-center is-layout-flex wp-container-core-buttons-is-layout-598173bd wp-block-buttons-is-layout-flex\" style=\"margin-top:40px\">\n<div class=\"wp-block-button is-style-fill\"><a class=\"wp-block-button__link has-text-color has-background has-text-align-center has-custom-font-size wp-element-button\" href=\"https:\/\/kivesblanka.hu\/en\/kapcsolat\/\" style=\"border-radius:32px;color:#fdfdfd;background-color:#eb3417e0;padding-top:15px;padding-right:70px;padding-bottom:15px;padding-left:70px;font-size:clamp(14px, 0.875rem + ((1vw - 3.2px) * 0.455), 18px);\">Contact<\/a><\/div>\n<\/div>\n<\/div>\n<\/div>\n<\/div>","protected":false},"excerpt":{"rendered":"<p>K\u00e9rjen id\u0151pontot! Keressen, k\u00e9rdezzen bizalommal!<\/p>","protected":false},"author":1,"featured_media":0,"parent":0,"menu_order":0,"comment_status":"closed","ping_status":"closed","template":"","meta":{"_seopress_robots_primary_cat":"","_seopress_titles_title":"Pszichol\u00f3gus Budapest - tan\u00e1csad\u00e1s szem\u00e9lyesen \u00e9s online","_seopress_titles_desc":"Pszichol\u00f3giai tan\u00e1csad\u00e1s Budapesten \u00e9s online. Form\u00e1i: egy\u00e9ni, online \u00e9s serd\u00fcl\u0151konzult\u00e1ci\u00f3. T\u00e9mak\u00f6r\u00f6k: \u00f6n\u00e9rt\u00e9kel\u00e9s, kr\u00edzisintervenci\u00f3, stresszkezel\u00e9s, karrier","_seopress_robots_index":"","footnotes":""},"class_list":["post-20","page","type-page","status-publish","hentry"],"_links":{"self":[{"href":"https:\/\/kivesblanka.hu\/en\/wp-json\/wp\/v2\/pages\/20","targetHints":{"allow":["GET"]}}],"collection":[{"href":"https:\/\/kivesblanka.hu\/en\/wp-json\/wp\/v2\/pages"}],"about":[{"href":"https:\/\/kivesblanka.hu\/en\/wp-json\/wp\/v2\/types\/page"}],"author":[{"embeddable":true,"href":"https:\/\/kivesblanka.hu\/en\/wp-json\/wp\/v2\/users\/1"}],"replies":[{"embeddable":true,"href":"https:\/\/kivesblanka.hu\/en\/wp-json\/wp\/v2\/comments?post=20"}],"version-history":[{"count":76,"href":"https:\/\/kivesblanka.hu\/en\/wp-json\/wp\/v2\/pages\/20\/revisions"}],"predecessor-version":[{"id":1451,"href":"https:\/\/kivesblanka.hu\/en\/wp-json\/wp\/v2\/pages\/20\/revisions\/1451"}],"wp:attachment":[{"href":"https:\/\/kivesblanka.hu\/en\/wp-json\/wp\/v2\/media?parent=20"}],"curies":[{"name":"wp","href":"https:\/\/api.w.org\/{rel}","templated":true}]}}