{"id":266,"date":"2024-06-15T20:49:35","date_gmt":"2024-06-15T18:49:35","guid":{"rendered":"https:\/\/kivesblanka.hu\/?page_id=266"},"modified":"2025-03-11T17:08:59","modified_gmt":"2025-03-11T15:08:59","slug":"egyeni-tanacsadas","status":"publish","type":"page","link":"https:\/\/kivesblanka.hu\/en\/egyeni-tanacsadas\/","title":{"rendered":"Individual counselling"},"content":{"rendered":"<div class=\"wp-block-cover alignfull is-light has-parallax is-repeated\" style=\"min-height:100vh;aspect-ratio:unset;\"><span aria-hidden=\"true\" class=\"wp-block-cover__background has-white-background-color has-background-dim\"><\/span><div class=\"wp-block-cover__image-background wp-image-214 has-parallax is-repeated\" style=\"background-position:50% 47%;background-image:url(https:\/\/kivesblanka.hu\/wp-content\/uploads\/2024\/06\/pexels-orlovamaria-4946635-scaled-e1718294902130.jpg)\"><\/div><div class=\"wp-block-cover__inner-container has-global-padding is-layout-constrained wp-block-cover-is-layout-constrained\">\n<div class=\"wp-block-columns alignfull are-vertically-aligned-center is-layout-flex wp-container-core-columns-is-layout-28f84493 wp-block-columns-is-layout-flex\">\n<div class=\"wp-block-column is-vertically-aligned-center is-layout-flow wp-block-column-is-layout-flow\">\n<h2 class=\"wp-block-heading has-text-align-center has-text-color\" style=\"color:#010000;font-size:clamp(37.821px, 2.364rem + ((1vw - 3.2px) * 3.657), 70px);\">Individual counselling<\/h2>\n<\/div>\n<\/div>\n<\/div><\/div>\n\n\n\n<div class=\"wp-block-group alignfull has-background has-global-padding is-layout-constrained wp-block-group-is-layout-constrained\" style=\"background-color:#ffffffdb;margin-top:0px;margin-bottom:0px\">\n<div class=\"wp-block-group alignfull has-global-padding is-layout-constrained wp-container-core-group-is-layout-0117c4cf wp-block-group-is-layout-constrained\" style=\"padding-top:80px;padding-bottom:80px\">\n<div class=\"wp-block-columns alignwide is-layout-flex wp-container-core-columns-is-layout-28f84493 wp-block-columns-is-layout-flex\">\n<div class=\"wp-block-column is-layout-flow wp-block-column-is-layout-flow\" style=\"padding-right:10px;padding-left:10px;flex-basis:50%\">\n<figure class=\"wp-block-image aligncenter size-full is-resized has-custom-border\"><img loading=\"lazy\" decoding=\"async\" width=\"1707\" height=\"2560\" src=\"https:\/\/kivesblanka.hu\/wp-content\/uploads\/2024\/07\/pexels-rachel-claire-4857776-scaled.jpg\" alt=\"\" class=\"wp-image-590\" style=\"border-radius:16px;width:467px;height:auto\" srcset=\"https:\/\/kivesblanka.hu\/wp-content\/uploads\/2024\/07\/pexels-rachel-claire-4857776-scaled.jpg 1707w, https:\/\/kivesblanka.hu\/wp-content\/uploads\/2024\/07\/pexels-rachel-claire-4857776-200x300.jpg 200w, https:\/\/kivesblanka.hu\/wp-content\/uploads\/2024\/07\/pexels-rachel-claire-4857776-683x1024.jpg 683w, https:\/\/kivesblanka.hu\/wp-content\/uploads\/2024\/07\/pexels-rachel-claire-4857776-768x1152.jpg 768w, https:\/\/kivesblanka.hu\/wp-content\/uploads\/2024\/07\/pexels-rachel-claire-4857776-1024x1536.jpg 1024w, https:\/\/kivesblanka.hu\/wp-content\/uploads\/2024\/07\/pexels-rachel-claire-4857776-1365x2048.jpg 1365w, https:\/\/kivesblanka.hu\/wp-content\/uploads\/2024\/07\/pexels-rachel-claire-4857776-8x12.jpg 8w\" sizes=\"auto, (max-width: 1707px) 100vw, 1707px\" \/><\/figure>\n<\/div>\n\n\n\n<div class=\"wp-block-column is-layout-flow wp-block-column-is-layout-flow\" style=\"padding-right:10px;padding-left:10px;flex-basis:50%\">\n<div class=\"wp-block-group has-global-padding is-content-justification-left is-layout-constrained wp-container-core-group-is-layout-fa0f1ec6 wp-block-group-is-layout-constrained\" style=\"padding-bottom:10px\">\n<h2 class=\"wp-block-heading has-text-color has-link-color wp-elements-bdc07da9eab74eda948b9f2a88a04a39\" style=\"color:#242925\">What happens in individual counselling and how?<\/h2>\n\n\n\n<p style=\"margin-top:0px;margin-right:0px;margin-bottom:0px;margin-left:0px;padding-top:20px;padding-right:0px;padding-bottom:0px;padding-left:0px\" class=\" translation-block\">Psychological counseling is a <strong>counselling-focused<\/strong> psychological intervention, based on a situational assessment diagnosis, aimed at resolving a current life situation, and <strong>improving the strength of mind<\/strong> and <strong>coping<\/strong>.<\/p>\n\n\n\n<p>After contacting me, a first meeting will take place to discuss the framework and focus on your situation, condition and issue, which will lead to a verbal contract for the counselling process. <\/p>\n\n\n\n<p class=\" translation-block\">The <strong>length of the counselling process<\/strong> (number of sessions) may depend on the topic, focus and self-awareness needs.<\/p>\n\n\n\n<p>You can contract for a definite number of sessions (e.g. 5-10-15 sessions) or for an indefinite number of sessions. <\/p>\n\n\n\n<p class=\" translation-block\">In the process of the counselling, we hold our sessions on a <strong>weekly<\/strong> or <strong>bi-weekly<\/strong> basis. For less frequent sessions, we do not talk about a process, but about occasional consultations - usually requested after a completed counselling process.<\/p>\n\n\n\n<p class=\" translation-block\">_<\/p>\n<\/div>\n<\/div>\n<\/div>\n<\/div>\n<\/div>\n\n\n\n<div class=\"wp-block-group alignfull is-style-default has-background has-global-padding is-content-justification-center is-layout-constrained wp-block-group-is-layout-constrained\" id=\"K\u00e9rjen-id\u0151pontot!\" style=\"background-color:#ffffff;min-height:0px;margin-top:0px;margin-bottom:0px;padding-top:122px;padding-bottom:80px;background-image:url(&apos;https:\/\/kivesblanka.hu\/wp-content\/uploads\/2024\/06\/adventure-1846482_1280-1.jpg&apos;);background-position:51% 56.99999999999999%;background-size:cover;\">\n<h3 class=\"wp-block-heading has-text-align-center has-text-color\" style=\"color:#ffffff;font-size:clamp(26.465px, 1.654rem + ((1vw - 3.2px) * 2.106), 45px);font-style:normal;font-weight:400\">Request an appointment!<\/h3>\n\n\n\n<div class=\"wp-block-columns is-layout-flex wp-container-core-columns-is-layout-28f84493 wp-block-columns-is-layout-flex\">\n<div class=\"wp-block-column is-layout-flow wp-container-core-column-is-layout-343acf9e wp-block-column-is-layout-flow\">\n<p class=\"has-text-align-center has-text-color\" style=\"color:#ffffff;font-size:clamp(17.371px, 1.086rem + ((1vw - 3.2px) * 1.094), 27px);\">Contact me, feel free to ask questions!<\/p>\n\n\n\n<div class=\"wp-block-buttons is-horizontal is-content-justification-center is-layout-flex wp-container-core-buttons-is-layout-598173bd wp-block-buttons-is-layout-flex\" style=\"margin-top:40px\">\n<div class=\"wp-block-button has-custom-font-size is-style-fill\" style=\"font-size:clamp(14px, 0.875rem + ((1vw - 3.2px) * 0.455), 18px);\"><a class=\"wp-block-button__link has-text-color has-background has-text-align-center wp-element-button\" href=\"https:\/\/kivesblanka.hu\/en\/kapcsolat\/\" style=\"border-radius:32px;color:#fdfdfd;background-color:#eb3417e0;padding-top:15px;padding-right:70px;padding-bottom:15px;padding-left:70px\">Contact<\/a><\/div>\n<\/div>\n<\/div>\n<\/div>\n<\/div>","protected":false},"excerpt":{"rendered":"<p>Mi \u00e9s hogyan t\u00f6rt\u00e9nik az egy\u00e9ni tan\u00e1csad\u00e1son? A pszichol\u00f3giai tan\u00e1csad\u00e1s a&nbsp;tan\u00e1csad\u00f3i f\u00f3kusszal&nbsp;dolgoz\u00f3, helyzet\u00e9rt\u00e9kel\u0151 diagn\u00f3zisra \u00e9p\u00edtett, aktu\u00e1lis \u00e9lethelyzet megold\u00e1s\u00e1t c\u00e9lz\u00f3, az&nbsp;\u00e9ner\u0151t&nbsp;\u00e9s&nbsp;megk\u00fczd\u00e9st er\u0151s\u00edt\u0151&nbsp;pszichol\u00f3giai beavatkoz\u00e1s. A kapcsolatfelv\u00e9tel ut\u00e1n sor ker\u00fcl az els\u0151 \u00fcl\u00e9sre, amelyen a keretek megbesz\u00e9l\u00e9s\u00e9t k\u00f6vet\u0151en az \u00d6n helyzet\u00e9re, \u00e1llapot\u00e1ra, t\u00e9m\u00e1j\u00e1ra f\u00f3kusz\u00e1lunk, ami alapj\u00e1n sz\u00f3beli szerz\u0151d\u00e9st k\u00f6thet\u00fcnk tan\u00e1csad\u00e1si folyamatra. A tan\u00e1csad\u00e1si folyamat hossza (alkalomsz\u00e1ma) t\u00e9mak\u00f6rt\u0151l, f\u00f3kuszt\u00f3l [&hellip;]<\/p>","protected":false},"author":1,"featured_media":0,"parent":0,"menu_order":0,"comment_status":"closed","ping_status":"closed","template":"","meta":{"_seopress_robots_primary_cat":"","_seopress_titles_title":"Egy\u00e9ni pszichol\u00f3giai tan\u00e1csad\u00e1s - Psychological counselling","_seopress_titles_desc":"Mi \u00e9s hogyan t\u00f6rt\u00e9nik a tan\u00e1csad\u00e1son?\r\nWhat happens at a psychological counselling and how?","_seopress_robots_index":"","footnotes":""},"class_list":["post-266","page","type-page","status-publish","hentry"],"_links":{"self":[{"href":"https:\/\/kivesblanka.hu\/en\/wp-json\/wp\/v2\/pages\/266","targetHints":{"allow":["GET"]}}],"collection":[{"href":"https:\/\/kivesblanka.hu\/en\/wp-json\/wp\/v2\/pages"}],"about":[{"href":"https:\/\/kivesblanka.hu\/en\/wp-json\/wp\/v2\/types\/page"}],"author":[{"embeddable":true,"href":"https:\/\/kivesblanka.hu\/en\/wp-json\/wp\/v2\/users\/1"}],"replies":[{"embeddable":true,"href":"https:\/\/kivesblanka.hu\/en\/wp-json\/wp\/v2\/comments?post=266"}],"version-history":[{"count":19,"href":"https:\/\/kivesblanka.hu\/en\/wp-json\/wp\/v2\/pages\/266\/revisions"}],"predecessor-version":[{"id":1365,"href":"https:\/\/kivesblanka.hu\/en\/wp-json\/wp\/v2\/pages\/266\/revisions\/1365"}],"wp:attachment":[{"href":"https:\/\/kivesblanka.hu\/en\/wp-json\/wp\/v2\/media?parent=266"}],"curies":[{"name":"wp","href":"https:\/\/api.w.org\/{rel}","templated":true}]}}