{"id":268,"date":"2024-06-15T20:51:48","date_gmt":"2024-06-15T18:51:48","guid":{"rendered":"https:\/\/kivesblanka.hu\/?page_id=268"},"modified":"2025-12-03T21:32:10","modified_gmt":"2025-12-03T19:32:10","slug":"serdulokonzultacio","status":"publish","type":"page","link":"https:\/\/kivesblanka.hu\/en\/serdulokonzultacio\/","title":{"rendered":"Adolescent consultation"},"content":{"rendered":"<div class=\"wp-block-cover alignfull is-light has-parallax is-repeated\" style=\"min-height:100vh;aspect-ratio:unset;\"><div class=\"wp-block-cover__image-background wp-image-212 has-parallax is-repeated\" style=\"background-position:50% 50%;background-image:url(https:\/\/kivesblanka.hu\/wp-content\/uploads\/2024\/06\/pexels-karolina-grabowska-6345401-scaled.jpg)\"><\/div><span aria-hidden=\"true\" class=\"wp-block-cover__background has-white-background-color has-background-dim\"><\/span><div class=\"wp-block-cover__inner-container has-global-padding is-layout-constrained wp-block-cover-is-layout-constrained\">\n<div class=\"wp-block-columns alignfull are-vertically-aligned-center is-layout-flex wp-container-core-columns-is-layout-28f84493 wp-block-columns-is-layout-flex\">\n<div class=\"wp-block-column is-vertically-aligned-center is-layout-flow wp-block-column-is-layout-flow\">\n<h2 class=\"wp-block-heading has-text-align-center has-text-color\" style=\"color:#010000;font-size:clamp(37.821px, 2.364rem + ((1vw - 3.2px) * 3.657), 70px);\">Adolescent consultation<\/h2>\n<\/div>\n<\/div>\n<\/div><\/div>\n\n\n\n<section class=\"wp-block-cover alignfull is-light has-custom-color-2-color has-text-color\" style=\"margin-top:0px;margin-bottom:0px;padding-top:100px;padding-right:20px;padding-bottom:100px;padding-left:20px\" id=\"tanacsadas-formai\"><span aria-hidden=\"true\" class=\"wp-block-cover__background has-custom-color-1-background-color has-background-dim-0 has-background-dim\"><\/span><div class=\"wp-block-cover__inner-container has-global-padding is-layout-constrained wp-container-core-cover-is-layout-47630ab8 wp-block-cover-is-layout-constrained\">\n<h2 class=\"wp-block-heading has-text-align-center has-text-color\" style=\"color:#000100;margin-top:0px;margin-right:0px;margin-bottom:16px;margin-left:0px;font-size:clamp(24.034px, 1.502rem + ((1vw - 3.2px) * 1.814), 40px);font-style:normal;font-weight:400;line-height:1.2\">What is this?<\/h2>\n\n\n\n<p>A serd\u00fcl\u0151konzult\u00e1ci\u00f3 5-10 alkalmas seg\u00edt\u0151 besz\u00e9lget\u00e9ssorozat, amelyben a pszichol\u00f3gus a <strong>12. \u00e9let\u00e9v\u00e9t bet\u00f6lt\u00f6tt serd\u00fcl\u0151<\/strong>vel egy\u00fctt dolgozik egy aktu\u00e1lis probl\u00e9m\u00e1n vagy dilemm\u00e1n.<\/p>\n\n\n\n<p>A konzult\u00e1ci\u00f3 c\u00e9lja, hogy a serd\u00fcl\u0151 <strong>jobban meg\u00e9rtse a neh\u00e9zs\u00e9gek h\u00e1tter\u00e9t, felfedezze saj\u00e1t er\u0151forr\u00e1sait<\/strong>, \u00e9s k\u00f6z\u00f6sen tal\u00e1ljunk <strong>megold\u00e1sokat<\/strong>. A bizalmi kapcsolat a serd\u00fcl\u0151 \u00e9s a pszichol\u00f3gus k\u00f6z\u00f6tt az els\u0151 tal\u00e1lkoz\u00e1st\u00f3l kezdve \u00e9p\u00fcl, \u00e9s a folyamat sor\u00e1n a serd\u00fcl\u0151 t\u00e1mogat\u00e1st kap mindennapi kih\u00edv\u00e1saival kapcsolatban is.<\/p>\n\n\n\n<p>A serd\u00fcl\u0151konzult\u00e1ci\u00f3 sor\u00e1n a pszichol\u00f3gus <strong>k\u00f6zvetlen\u00fcl a serd\u00fcl\u0151vel k\u00f6t szerz\u0151d\u00e9st<\/strong>, nem a sz\u00fcl\u0151kkel, ezzel is biztos\u00edtva a serd\u00fcl\u0151 auton\u00f3mi\u00e1j\u00e1t \u00e9s a folyamat bizalmi jelleg\u00e9t. A konzult\u00e1ci\u00f3 c\u00e9lja, hogy <strong>biztons\u00e1gos, t\u00e1mogat\u00f3 k\u00f6rnyezetben<\/strong> tudjunk egy\u00fctt dolgozni a <strong>felmer\u00fcl\u0151 neh\u00e9zs\u00e9geken<\/strong>, a hat\u00e9kony munk\u00e1t a kialakult bizalmi kapcsolat teszi lehet\u0151v\u00e9. <\/p>\n\n\n\n<div style=\"height:27px\" aria-hidden=\"true\" class=\"wp-block-spacer\"><\/div>\n\n\n\n<hr class=\"wp-block-separator has-text-color has-alpha-channel-opacity has-background\" style=\"margin-top:0px;margin-bottom:50px;background-color:#f33535;color:#f33535\"\/>\n\n\n\n<h2 class=\"wp-block-heading has-text-align-center has-text-color\" style=\"color:#000100;margin-top:0px;margin-right:0px;margin-bottom:16px;margin-left:0px;font-size:clamp(24.034px, 1.502rem + ((1vw - 3.2px) * 1.814), 40px);font-style:normal;font-weight:400;line-height:1.2\">Hogyan zajlik?<\/h2>\n\n\n\n<p>A sz\u00fcl\u0151 tan\u00e1csad\u00e1sra val\u00f3\u00a0bejelentkez\u00e9se ut\u00e1n <strong>id\u0151pontegyeztet\u00e9s <\/strong>t\u00f6rt\u00e9nik egy els\u0151\u00a0<strong>sz\u00fcl\u0151konzult\u00e1ci\u00f3ra<\/strong>. Ekkor a pszichol\u00f3gus \u00e9s a sz\u00fcl\u0151k tal\u00e1lkoznak, ha\u00a0lehets\u00e9ges, a serd\u00fcl\u0151 mindk\u00e9t sz\u00fcl\u0151j\u00e9t egyszerre hallgatja meg az \u00e1ltaluk \u00e9rz\u00e9kelt probl\u00e9m\u00e1r\u00f3l. Illetve az els\u0151 1-2 alkalommal \u00fan. anamn\u00e9zist vesz f\u00f6l, amelynek c\u00e9lja egy hosszmetszeti k\u00e9p kialak\u00edt\u00e1sa a fiatalr\u00f3l, az egyes fejl\u0151d\u00e9si pontok kiemel\u00e9s\u00e9vel.\u00a0A besz\u00e9lget\u00e9s fiatalabb gyermek eset\u00e9n csak a sz\u00fcl\u0151vel\/sz\u00fcl\u0151kkel t\u00f6rt\u00e9nik, <strong>14-15 \u00e9ves kor ut\u00e1n<\/strong> pedig a sz\u00fcl\u0151kkel \u00e9s a fiatallal k\u00f6z\u00f6sen. A besz\u00e9lget\u00e9s c\u00e9lja a kapcsolatfelv\u00e9tel \u00e9s a probl\u00e9ma megismer\u00e9se. <\/p>\n\n\n\n<p>Ezt egy <strong>3-5 alkalmas<\/strong> <strong>serd\u00fcl\u0151konzult\u00e1ci\u00f3s <\/strong>szakasz k\u00f6veti. Ezek az alkalmak elegend\u0151ek ahhoz, hogy a pszichol\u00f3gus meghat\u00e1rozhassa a probl\u00e9ma s\u00falyoss\u00e1g\u00e1t, illetve felt\u00e9rk\u00e9pezze a probl\u00e9ma h\u00e1tter\u00e9t \u00e9s a hozz\u00e1 vezet\u0151 okokr\u00f3l k\u00e9pet alkosson. Ezen t\u00e9nyez\u0151k alapj\u00e1n visszajelez a sz\u00fcl\u0151knek a k\u00f6vetkez\u0151 l\u00e9p\u00e9sekr\u0151l, egy <strong>\u00fajabb sz\u00fcl\u0151konzult\u00e1ci\u00f3 <\/strong>sor\u00e1n. Amennyiben olyan probl\u00e9m\u00e1t \u00e9rz\u00e9kel, ami nem \u00e9ri el a klinikai szintet, akkor tov\u00e1bb dolgozik a serd\u00fcl\u0151vel. Amennyiben \u00fagy \u00edt\u00e9li meg, hogy (gyermek)pszichi\u00e1triai kivizsg\u00e1l\u00e1s indokolt, akkor javaslatot tesz a megfelel\u0151 ell\u00e1t\u00e1si form\u00e1t illet\u0151en.<\/p>\n<\/div><\/section>","protected":false},"excerpt":{"rendered":"","protected":false},"author":1,"featured_media":0,"parent":0,"menu_order":0,"comment_status":"closed","ping_status":"closed","template":"","meta":{"_seopress_robots_primary_cat":"","_seopress_titles_title":"Serd\u00fcl\u0151konzult\u00e1ci\u00f3 - K\u00edv\u00e9s Blanka Pszichol\u00f3gus Budapest","_seopress_titles_desc":"","_seopress_robots_index":"","footnotes":""},"class_list":["post-268","page","type-page","status-publish","hentry"],"_links":{"self":[{"href":"https:\/\/kivesblanka.hu\/en\/wp-json\/wp\/v2\/pages\/268","targetHints":{"allow":["GET"]}}],"collection":[{"href":"https:\/\/kivesblanka.hu\/en\/wp-json\/wp\/v2\/pages"}],"about":[{"href":"https:\/\/kivesblanka.hu\/en\/wp-json\/wp\/v2\/types\/page"}],"author":[{"embeddable":true,"href":"https:\/\/kivesblanka.hu\/en\/wp-json\/wp\/v2\/users\/1"}],"replies":[{"embeddable":true,"href":"https:\/\/kivesblanka.hu\/en\/wp-json\/wp\/v2\/comments?post=268"}],"version-history":[{"count":9,"href":"https:\/\/kivesblanka.hu\/en\/wp-json\/wp\/v2\/pages\/268\/revisions"}],"predecessor-version":[{"id":1559,"href":"https:\/\/kivesblanka.hu\/en\/wp-json\/wp\/v2\/pages\/268\/revisions\/1559"}],"wp:attachment":[{"href":"https:\/\/kivesblanka.hu\/en\/wp-json\/wp\/v2\/media?parent=268"}],"curies":[{"name":"wp","href":"https:\/\/api.w.org\/{rel}","templated":true}]}}