{"id":270,"date":"2024-06-15T20:52:06","date_gmt":"2024-06-15T18:52:06","guid":{"rendered":"https:\/\/kivesblanka.hu\/?page_id=270"},"modified":"2025-03-11T17:09:56","modified_gmt":"2025-03-11T15:09:56","slug":"online-tanacsadas","status":"publish","type":"page","link":"https:\/\/kivesblanka.hu\/en\/online-tanacsadas\/","title":{"rendered":"Online counselling"},"content":{"rendered":"<div class=\"wp-block-cover alignfull is-light has-parallax is-repeated\" style=\"min-height:100vh;aspect-ratio:unset;\"><span aria-hidden=\"true\" class=\"wp-block-cover__background has-white-background-color has-background-dim\"><\/span><div class=\"wp-block-cover__image-background wp-image-232 has-parallax is-repeated\" style=\"background-position:59% 88%;background-image:url(https:\/\/kivesblanka.hu\/wp-content\/uploads\/2024\/06\/pexels-ketut-subiyanto-4474047-scaled.jpg)\"><\/div><div class=\"wp-block-cover__inner-container has-global-padding is-layout-constrained wp-block-cover-is-layout-constrained\">\n<div class=\"wp-block-columns alignfull are-vertically-aligned-center is-layout-flex wp-container-core-columns-is-layout-28f84493 wp-block-columns-is-layout-flex\">\n<div class=\"wp-block-column is-vertically-aligned-center is-layout-flow wp-block-column-is-layout-flow\">\n<h2 class=\"wp-block-heading has-text-align-center has-text-color\" style=\"color:#010000;font-size:clamp(37.821px, 2.364rem + ((1vw - 3.2px) * 3.657), 70px);\">Online counselling<\/h2>\n<\/div>\n<\/div>\n<\/div><\/div>\n\n\n\n<div class=\"wp-block-cover alignfull is-light\"><span aria-hidden=\"true\" class=\"wp-block-cover__background has-background-dim-0 has-background-dim\" style=\"background-color:#f3f3f3\"><\/span><div class=\"wp-block-cover__inner-container has-global-padding is-layout-constrained wp-block-cover-is-layout-constrained\">\n<div class=\"wp-block-group alignfull has-global-padding is-layout-constrained wp-container-core-group-is-layout-7cffe988 wp-block-group-is-layout-constrained\" style=\"padding-top:180px;padding-bottom:80px\">\n<div class=\"wp-block-columns alignwide is-layout-flex wp-container-core-columns-is-layout-bad5dd0e wp-block-columns-is-layout-flex\">\n<div class=\"wp-block-column is-layout-flow wp-container-core-column-is-layout-1284340a wp-block-column-is-layout-flow\" style=\"padding-right:10px;padding-left:10px;flex-basis:60%\">\n<div class=\"wp-block-group has-global-padding is-content-justification-left is-layout-constrained wp-container-core-group-is-layout-aaf2b7b1 wp-block-group-is-layout-constrained\" style=\"padding-bottom:10px\">\n<h2 class=\"wp-block-heading has-text-color has-link-color wp-elements-bfd5da0610283e610b88d818c2f02e2c\" style=\"color:#242925\">Mi \u00e9s hogyan t\u00f6rt\u00e9nik az online tan\u00e1csad\u00e1son?<\/h2>\n\n\n\n<p style=\"margin-top:30px\">Az online pszichol\u00f3giai tan\u00e1csad\u00e1s sor\u00e1n a pszichol\u00f3gus \u00e9s kliense(i) el\u0151re egyeztetett <strong>online platformon<\/strong> tal\u00e1lkoznak, ahol a kamera \u00e9s mikrofon haszn\u00e1lata lehet\u0151v\u00e9 teszi a kapcsol\u00f3d\u00e1st \u00e9s a tan\u00e1csad\u00f3i folyamat zavartalan lebonyol\u00edt\u00e1s\u00e1t.<\/p>\n\n\n\n<p style=\"margin-top:30px\">Az online \u00fcl\u00e9seket k\u00fcl\u00f6nb\u00f6z\u0151 okokb\u00f3l szokt\u00e1k v\u00e1lasztani, p\u00e9ld\u00e1ul nagy t\u00e1vols\u00e1g, kisgyermekes sz\u00fcl\u0151k, vagy korl\u00e1tozott mobilit\u00e1s eset\u00e9n. <\/p>\n\n\n\n<p>Az indokt\u00f3l f\u00fcggetlen\u00fcl <strong>b\u00e1rki sz\u00e1m\u00e1ra el\u00e9rhet\u0151<\/strong> ez a lehet\u0151s\u00e9g, \u00e9s a szem\u00e9lyes tan\u00e1csad\u00e1s r\u00e9szek\u00e9nt is sor ker\u00fclhet egy-egy online \u00fcl\u00e9sre, ha a kliens \u00e9lethelyzete nem teszi lehet\u0151v\u00e9 a szem\u00e9lyes tal\u00e1lkoz\u00e1st.<\/p>\n\n\n\n<p class=\" translation-block\">_<\/p>\n<\/div>\n<\/div>\n\n\n\n<div class=\"wp-block-column is-layout-flow wp-block-column-is-layout-flow\" style=\"padding-right:10px;padding-left:10px;flex-basis:40%\">\n<figure class=\"wp-block-image size-full has-custom-border\"><img loading=\"lazy\" decoding=\"async\" width=\"1710\" height=\"1710\" src=\"https:\/\/kivesblanka.hu\/wp-content\/uploads\/2024\/07\/pexels-cottonbro-4065617-scaled-e1720443970610.jpg\" alt=\"\" class=\"wp-image-577\" style=\"border-radius:16px\" srcset=\"https:\/\/kivesblanka.hu\/wp-content\/uploads\/2024\/07\/pexels-cottonbro-4065617-scaled-e1720443970610.jpg 1710w, https:\/\/kivesblanka.hu\/wp-content\/uploads\/2024\/07\/pexels-cottonbro-4065617-scaled-e1720443970610-300x300.jpg 300w, https:\/\/kivesblanka.hu\/wp-content\/uploads\/2024\/07\/pexels-cottonbro-4065617-scaled-e1720443970610-1024x1024.jpg 1024w, https:\/\/kivesblanka.hu\/wp-content\/uploads\/2024\/07\/pexels-cottonbro-4065617-scaled-e1720443970610-150x150.jpg 150w, https:\/\/kivesblanka.hu\/wp-content\/uploads\/2024\/07\/pexels-cottonbro-4065617-scaled-e1720443970610-768x768.jpg 768w, https:\/\/kivesblanka.hu\/wp-content\/uploads\/2024\/07\/pexels-cottonbro-4065617-scaled-e1720443970610-1536x1536.jpg 1536w, https:\/\/kivesblanka.hu\/wp-content\/uploads\/2024\/07\/pexels-cottonbro-4065617-scaled-e1720443970610-12x12.jpg 12w\" sizes=\"auto, (max-width: 1710px) 100vw, 1710px\" \/><\/figure>\n<\/div>\n<\/div>\n<\/div>\n<\/div><\/div>\n\n\n\n<div class=\"wp-block-group alignfull has-global-padding is-layout-constrained wp-block-group-is-layout-constrained\" style=\"margin-top:0px;margin-bottom:0px\">\n<div class=\"wp-block-columns alignfull is-layout-flex wp-container-core-columns-is-layout-28f84493 wp-block-columns-is-layout-flex\">\n<div class=\"wp-block-column is-layout-flow wp-container-core-column-is-layout-3f7b68c1 wp-block-column-is-layout-flow\" style=\"padding-top:0;padding-bottom:0\">\n<div class=\"wp-block-cover aligncenter is-light\" style=\"padding-top:0;padding-bottom:0\"><span aria-hidden=\"true\" class=\"wp-block-cover__background has-background-dim\" style=\"background-color:#fefefe\"><\/span><img loading=\"lazy\" decoding=\"async\" width=\"2560\" height=\"1707\" class=\"wp-block-cover__image-background wp-image-574\" alt=\"\" src=\"https:\/\/kivesblanka.hu\/wp-content\/uploads\/2024\/07\/pexels-marcus-aurelius-6787709-scaled.jpg\" style=\"object-position:58% 83%\" data-object-fit=\"cover\" data-object-position=\"58% 83%\" srcset=\"https:\/\/kivesblanka.hu\/wp-content\/uploads\/2024\/07\/pexels-marcus-aurelius-6787709-scaled.jpg 2560w, https:\/\/kivesblanka.hu\/wp-content\/uploads\/2024\/07\/pexels-marcus-aurelius-6787709-300x200.jpg 300w, https:\/\/kivesblanka.hu\/wp-content\/uploads\/2024\/07\/pexels-marcus-aurelius-6787709-1024x683.jpg 1024w, https:\/\/kivesblanka.hu\/wp-content\/uploads\/2024\/07\/pexels-marcus-aurelius-6787709-768x512.jpg 768w, https:\/\/kivesblanka.hu\/wp-content\/uploads\/2024\/07\/pexels-marcus-aurelius-6787709-1536x1024.jpg 1536w, https:\/\/kivesblanka.hu\/wp-content\/uploads\/2024\/07\/pexels-marcus-aurelius-6787709-2048x1365.jpg 2048w, https:\/\/kivesblanka.hu\/wp-content\/uploads\/2024\/07\/pexels-marcus-aurelius-6787709-18x12.jpg 18w\" sizes=\"auto, (max-width: 2560px) 100vw, 2560px\" \/><div class=\"wp-block-cover__inner-container is-layout-flow wp-block-cover-is-layout-flow\">\n<div style=\"height:300px\" aria-hidden=\"true\" class=\"wp-block-spacer\"><\/div>\n<\/div><\/div>\n<\/div>\n<\/div>\n<\/div>\n\n\n\n<div class=\"wp-block-cover alignfull is-light\"><span aria-hidden=\"true\" class=\"wp-block-cover__background has-background-dim-100 has-background-dim\" style=\"background-color:#f3f3f3\"><\/span><div class=\"wp-block-cover__inner-container has-global-padding is-layout-constrained wp-block-cover-is-layout-constrained\">\n<div class=\"wp-block-group alignfull has-global-padding is-layout-constrained wp-container-core-group-is-layout-0117c4cf wp-block-group-is-layout-constrained\" style=\"padding-top:80px;padding-bottom:80px\">\n<div class=\"wp-block-columns alignwide is-layout-flex wp-container-core-columns-is-layout-28f84493 wp-block-columns-is-layout-flex\">\n<div class=\"wp-block-column is-layout-flow wp-block-column-is-layout-flow\" style=\"padding-right:10px;padding-left:10px;flex-basis:50%\">\n<figure class=\"wp-block-image size-full has-custom-border\"><img loading=\"lazy\" decoding=\"async\" width=\"2560\" height=\"1709\" src=\"https:\/\/kivesblanka.hu\/wp-content\/uploads\/2024\/07\/pexels-julia-m-cameron-4144923-scaled.jpg\" alt=\"\" class=\"wp-image-576\" style=\"border-radius:16px\" srcset=\"https:\/\/kivesblanka.hu\/wp-content\/uploads\/2024\/07\/pexels-julia-m-cameron-4144923-scaled.jpg 2560w, https:\/\/kivesblanka.hu\/wp-content\/uploads\/2024\/07\/pexels-julia-m-cameron-4144923-300x200.jpg 300w, https:\/\/kivesblanka.hu\/wp-content\/uploads\/2024\/07\/pexels-julia-m-cameron-4144923-1024x683.jpg 1024w, https:\/\/kivesblanka.hu\/wp-content\/uploads\/2024\/07\/pexels-julia-m-cameron-4144923-768x513.jpg 768w, https:\/\/kivesblanka.hu\/wp-content\/uploads\/2024\/07\/pexels-julia-m-cameron-4144923-1536x1025.jpg 1536w, https:\/\/kivesblanka.hu\/wp-content\/uploads\/2024\/07\/pexels-julia-m-cameron-4144923-2048x1367.jpg 2048w, https:\/\/kivesblanka.hu\/wp-content\/uploads\/2024\/07\/pexels-julia-m-cameron-4144923-18x12.jpg 18w\" sizes=\"auto, (max-width: 2560px) 100vw, 2560px\" \/><\/figure>\n<\/div>\n\n\n\n<div class=\"wp-block-column is-layout-flow wp-block-column-is-layout-flow\" style=\"padding-right:10px;padding-left:10px;flex-basis:50%\">\n<div class=\"wp-block-group has-global-padding is-content-justification-left is-layout-constrained wp-container-core-group-is-layout-fa0f1ec6 wp-block-group-is-layout-constrained\" style=\"padding-bottom:10px\">\n<h2 class=\"wp-block-heading has-text-color has-link-color wp-elements-c4dc1e306d50b24aa88f52d5617708e7\" style=\"color:#242925\">Az online tan\u00e1csad\u00e1s felt\u00e9telei<\/h2>\n\n\n\n<p style=\"margin-top:0px;margin-right:0px;margin-bottom:0px;margin-left:0px;padding-top:20px;padding-right:0px;padding-bottom:0px;padding-left:0px\">Az&nbsp;<strong>online \u00fcl\u00e9seket<\/strong>&nbsp;at the&nbsp;<strong>Google Meets&nbsp;<\/strong>platformj\u00e1n tartjuk, amelyhez a linket id\u0151pont egyeztet\u00e9s ut\u00e1n egy megh\u00edv\u00f3 e-mailben kapja meg a kliens. Az online jelenl\u00e9thez m\u00e9g fontos, hogy a k\u00f6vetkez\u0151 t\u00e9nyez\u0151k adottak legyenek az alkalom ideje alatt:<\/p>\n\n\n\n<ul class=\"wp-block-list\">\n<li class=\" translation-block\">a space\/<strong>room<\/strong> where the client can be alone and undisturbed during the 50-minute-long session.<\/li>\n\n\n\n<li>stabil&nbsp;<strong>internetkapcsolattal<\/strong>,&nbsp;<strong>kamer\u00e1val&nbsp;<\/strong>\u00e9s&nbsp;<strong>mikrofonnal&nbsp;<\/strong>rendelkez\u0151 elektronikus eszk\u00f6z (javasolt a laptop\/sz\u00e1m\u00edt\u00f3g\u00e9p\/tablet, teh\u00e1t nagyobb k\u00e9perny\u0151j\u0171 eszk\u00f6z).<\/li>\n<\/ul>\n<\/div>\n<\/div>\n<\/div>\n<\/div>\n<\/div><\/div>\n\n\n\n<div class=\"wp-block-group alignfull is-style-default has-background has-global-padding is-content-justification-center is-layout-constrained wp-block-group-is-layout-constrained\" id=\"K\u00e9rjen-id\u0151pontot!\" style=\"background-color:#ffffff;min-height:0px;margin-top:0px;margin-bottom:0px;padding-top:122px;padding-bottom:80px;background-image:url(&apos;https:\/\/kivesblanka.hu\/wp-content\/uploads\/2024\/06\/adventure-1846482_1280-1.jpg&apos;);background-position:51% 56.99999999999999%;background-size:cover;\">\n<h3 class=\"wp-block-heading has-text-align-center has-text-color\" style=\"color:#ffffff;font-size:clamp(26.465px, 1.654rem + ((1vw - 3.2px) * 2.106), 45px);font-style:normal;font-weight:400\">Request an appointment!<\/h3>\n\n\n\n<div class=\"wp-block-columns is-layout-flex wp-container-core-columns-is-layout-28f84493 wp-block-columns-is-layout-flex\">\n<div class=\"wp-block-column is-layout-flow wp-container-core-column-is-layout-343acf9e wp-block-column-is-layout-flow\">\n<p class=\"has-text-align-center has-text-color\" style=\"color:#ffffff;font-size:clamp(17.371px, 1.086rem + ((1vw - 3.2px) * 1.094), 27px);\">Contact me, feel free to ask questions!<\/p>\n\n\n\n<div class=\"wp-block-buttons is-horizontal is-content-justification-center is-layout-flex wp-container-core-buttons-is-layout-598173bd wp-block-buttons-is-layout-flex\" style=\"margin-top:40px\">\n<div class=\"wp-block-button has-custom-font-size is-style-fill\" style=\"font-size:clamp(14px, 0.875rem + ((1vw - 3.2px) * 0.455), 18px);\"><a class=\"wp-block-button__link has-text-color has-background has-text-align-center wp-element-button\" href=\"https:\/\/kivesblanka.hu\/en\/kapcsolat\/\" style=\"border-radius:32px;color:#fdfdfd;background-color:#eb3417e0;padding-top:15px;padding-right:70px;padding-bottom:15px;padding-left:70px\">Contact<\/a><\/div>\n<\/div>\n<\/div>\n<\/div>\n<\/div>","protected":false},"excerpt":{"rendered":"<p>K\u00e9rjen id\u0151pontot! Keressen, k\u00e9rdezzen bizalommal!<\/p>","protected":false},"author":1,"featured_media":0,"parent":0,"menu_order":0,"comment_status":"closed","ping_status":"closed","template":"","meta":{"_seopress_robots_primary_cat":"","_seopress_titles_title":"Online pszichol\u00f3giai tan\u00e1csad\u00e1s - Online counselling","_seopress_titles_desc":"B\u00e1rki sz\u00e1m\u00e1ra el\u00e9rhet\u0151 a pszichol\u00f3giai tan\u00e1csad\u00e1s, a szem\u00e9lyes tan\u00e1csad\u00e1s r\u00e9szek\u00e9nt is sor ker\u00fclhet egy-egy online \u00fcl\u00e9sre, ha a kliens \u00e9lethelyzete nem teszi lehet\u0151v\u00e9 a szem\u00e9lyes tal\u00e1lkoz\u00e1st.","_seopress_robots_index":"","footnotes":""},"class_list":["post-270","page","type-page","status-publish","hentry"],"_links":{"self":[{"href":"https:\/\/kivesblanka.hu\/en\/wp-json\/wp\/v2\/pages\/270","targetHints":{"allow":["GET"]}}],"collection":[{"href":"https:\/\/kivesblanka.hu\/en\/wp-json\/wp\/v2\/pages"}],"about":[{"href":"https:\/\/kivesblanka.hu\/en\/wp-json\/wp\/v2\/types\/page"}],"author":[{"embeddable":true,"href":"https:\/\/kivesblanka.hu\/en\/wp-json\/wp\/v2\/users\/1"}],"replies":[{"embeddable":true,"href":"https:\/\/kivesblanka.hu\/en\/wp-json\/wp\/v2\/comments?post=270"}],"version-history":[{"count":20,"href":"https:\/\/kivesblanka.hu\/en\/wp-json\/wp\/v2\/pages\/270\/revisions"}],"predecessor-version":[{"id":1366,"href":"https:\/\/kivesblanka.hu\/en\/wp-json\/wp\/v2\/pages\/270\/revisions\/1366"}],"wp:attachment":[{"href":"https:\/\/kivesblanka.hu\/en\/wp-json\/wp\/v2\/media?parent=270"}],"curies":[{"name":"wp","href":"https:\/\/api.w.org\/{rel}","templated":true}]}}