{"id":957,"date":"2024-09-14T10:17:31","date_gmt":"2024-09-14T08:17:31","guid":{"rendered":"https:\/\/kivesblanka.hu\/?page_id=957"},"modified":"2026-02-23T21:52:02","modified_gmt":"2026-02-23T19:52:02","slug":"arak","status":"publish","type":"page","link":"https:\/\/kivesblanka.hu\/en\/arak\/","title":{"rendered":"Prices"},"content":{"rendered":"<div class=\"wp-block-cover alignfull is-light has-parallax is-repeated\" style=\"min-height:100vh;aspect-ratio:unset;\"><div class=\"wp-block-cover__image-background wp-image-1093 has-parallax is-repeated\" style=\"background-position:52% 74%;background-image:url(https:\/\/kivesblanka.hu\/wp-content\/uploads\/2024\/11\/pexels-8moments-1266810-scaled.jpg)\"><\/div><span aria-hidden=\"true\" class=\"wp-block-cover__background has-white-background-color has-background-dim\"><\/span><div class=\"wp-block-cover__inner-container has-global-padding is-layout-constrained wp-block-cover-is-layout-constrained\">\n<div class=\"wp-block-columns alignfull are-vertically-aligned-center is-layout-flex wp-container-core-columns-is-layout-28f84493 wp-block-columns-is-layout-flex\">\n<div class=\"wp-block-column is-vertically-aligned-center is-layout-flow wp-block-column-is-layout-flow\">\n<h2 class=\"wp-block-heading has-text-align-center has-text-color\" style=\"color:#010000;font-size:clamp(37.821px, 2.364rem + ((1vw - 3.2px) * 3.657), 70px);\">Prices<\/h2>\n<\/div>\n<\/div>\n<\/div><\/div>\n\n\n\n<div class=\"wp-block-cover alignfull is-light\"><span aria-hidden=\"true\" class=\"wp-block-cover__background has-background-dim-100 has-background-dim\" style=\"background-color:#fff6f6\"><\/span><div class=\"wp-block-cover__inner-container has-global-padding is-layout-constrained wp-block-cover-is-layout-constrained\">\n<div class=\"wp-block-group alignfull has-global-padding is-layout-constrained wp-container-core-group-is-layout-0117c4cf wp-block-group-is-layout-constrained\" style=\"padding-top:80px;padding-bottom:80px\">\n<div class=\"wp-block-columns alignwide is-layout-flex wp-container-core-columns-is-layout-28f84493 wp-block-columns-is-layout-flex\">\n<div class=\"wp-block-column is-layout-flow wp-block-column-is-layout-flow\" style=\"padding-right:10px;padding-left:10px;flex-basis:50%\">\n<figure class=\"wp-block-image size-full has-custom-border\"><img loading=\"lazy\" decoding=\"async\" width=\"2560\" height=\"1707\" src=\"https:\/\/kivesblanka.hu\/wp-content\/uploads\/2024\/09\/pexels-rdne-9064678-scaled.jpg\" alt=\"\" class=\"wp-image-974\" style=\"border-radius:16px\" srcset=\"https:\/\/kivesblanka.hu\/wp-content\/uploads\/2024\/09\/pexels-rdne-9064678-scaled.jpg 2560w, https:\/\/kivesblanka.hu\/wp-content\/uploads\/2024\/09\/pexels-rdne-9064678-300x200.jpg 300w, https:\/\/kivesblanka.hu\/wp-content\/uploads\/2024\/09\/pexels-rdne-9064678-1024x683.jpg 1024w, https:\/\/kivesblanka.hu\/wp-content\/uploads\/2024\/09\/pexels-rdne-9064678-768x512.jpg 768w, https:\/\/kivesblanka.hu\/wp-content\/uploads\/2024\/09\/pexels-rdne-9064678-1536x1024.jpg 1536w, https:\/\/kivesblanka.hu\/wp-content\/uploads\/2024\/09\/pexels-rdne-9064678-2048x1365.jpg 2048w, https:\/\/kivesblanka.hu\/wp-content\/uploads\/2024\/09\/pexels-rdne-9064678-18x12.jpg 18w\" sizes=\"auto, (max-width: 2560px) 100vw, 2560px\" \/><\/figure>\n<\/div>\n\n\n\n<div class=\"wp-block-column is-vertically-aligned-center is-layout-flow wp-block-column-is-layout-flow\" style=\"padding-right:10px;padding-left:10px;flex-basis:50%\">\n<h2 class=\"wp-block-heading has-text-color has-link-color wp-elements-da7a5dde7c78a30c43b6ca7a36032dda\" style=\"color:#242925\">Individual counselling<\/h2>\n\n\n\n<ul class=\"wp-block-list\">\n<li>in Hungarian language: 20.000 HUF\/session<\/li>\n\n\n\n<li>in English language: 24.000 HUF\/session<\/li>\n<\/ul>\n<\/div>\n<\/div>\n\n\n\n<div class=\"wp-block-columns alignwide is-layout-flex wp-container-core-columns-is-layout-28f84493 wp-block-columns-is-layout-flex\">\n<div class=\"wp-block-column is-layout-flow wp-block-column-is-layout-flow\" style=\"padding-right:10px;padding-left:10px;flex-basis:50%\">\n<figure class=\"wp-block-image size-full has-custom-border\"><img loading=\"lazy\" decoding=\"async\" width=\"2560\" height=\"1707\" src=\"https:\/\/kivesblanka.hu\/wp-content\/uploads\/2024\/09\/pexels-cottonbro-4098179-scaled.jpg\" alt=\"\" class=\"wp-image-972\" style=\"border-radius:16px\" srcset=\"https:\/\/kivesblanka.hu\/wp-content\/uploads\/2024\/09\/pexels-cottonbro-4098179-scaled.jpg 2560w, https:\/\/kivesblanka.hu\/wp-content\/uploads\/2024\/09\/pexels-cottonbro-4098179-300x200.jpg 300w, https:\/\/kivesblanka.hu\/wp-content\/uploads\/2024\/09\/pexels-cottonbro-4098179-1024x683.jpg 1024w, https:\/\/kivesblanka.hu\/wp-content\/uploads\/2024\/09\/pexels-cottonbro-4098179-768x512.jpg 768w, https:\/\/kivesblanka.hu\/wp-content\/uploads\/2024\/09\/pexels-cottonbro-4098179-1536x1024.jpg 1536w, https:\/\/kivesblanka.hu\/wp-content\/uploads\/2024\/09\/pexels-cottonbro-4098179-2048x1365.jpg 2048w, https:\/\/kivesblanka.hu\/wp-content\/uploads\/2024\/09\/pexels-cottonbro-4098179-18x12.jpg 18w\" sizes=\"auto, (max-width: 2560px) 100vw, 2560px\" \/><\/figure>\n<\/div>\n\n\n\n<div class=\"wp-block-column is-vertically-aligned-center is-layout-flow wp-block-column-is-layout-flow\" style=\"padding-right:10px;padding-left:10px;flex-basis:50%\">\n<h2 class=\"wp-block-heading has-text-color has-link-color wp-elements-c7d25c2563e238b63e69e20b3faf38a3\" style=\"color:#242925\">Couples counselling<\/h2>\n\n\n\n<div class=\"wp-block-group has-global-padding is-content-justification-left is-layout-constrained wp-container-core-group-is-layout-fa0f1ec6 wp-block-group-is-layout-constrained\" style=\"padding-bottom:10px\">\n<ul class=\"wp-block-list\">\n<li>in Hungarian language: \n<ul class=\"wp-block-list\">\n<li>first session: 20.000 HUF\/ 50 minutes<\/li>\n\n\n\n<li>additional sessions: 32.000 HUF\/90 minutes<\/li>\n<\/ul>\n<\/li>\n\n\n\n<li>in English language: \n<ul class=\"wp-block-list\">\n<li>first session: 24.000 HUF\/ 50 minutes<\/li>\n\n\n\n<li>additional sessions: 38.000 HUF\/90 minutes<\/li>\n<\/ul>\n<\/li>\n<\/ul>\n<\/div>\n<\/div>\n<\/div>\n<\/div>\n<\/div><\/div>\n\n\n\n<div class=\"wp-block-group alignfull has-global-padding is-layout-constrained wp-block-group-is-layout-constrained\" style=\"margin-top:0px;margin-bottom:0px\">\n<div class=\"wp-block-columns alignfull is-layout-flex wp-container-core-columns-is-layout-28f84493 wp-block-columns-is-layout-flex\">\n<div class=\"wp-block-column is-layout-flow wp-container-core-column-is-layout-3f7b68c1 wp-block-column-is-layout-flow\" style=\"padding-top:0;padding-bottom:0\"><\/div>\n<\/div>\n<\/div>\n\n\n\n<div class=\"wp-block-cover alignfull is-light\"><span aria-hidden=\"true\" class=\"wp-block-cover__background has-white-background-color has-background-dim-0 has-background-dim\"><\/span><div class=\"wp-block-cover__inner-container has-global-padding is-layout-constrained wp-block-cover-is-layout-constrained\">\n<h2 class=\"wp-block-heading has-text-align-center\">Additional information<\/h2>\n\n\n\n<hr class=\"wp-block-separator has-alpha-channel-opacity is-style-default\"\/>\n\n\n\n<div class=\"wp-block-columns alignwide is-layout-flex wp-container-core-columns-is-layout-bad5dd0e wp-block-columns-is-layout-flex\">\n<div class=\"wp-block-column is-layout-flow wp-container-core-column-is-layout-1284340a wp-block-column-is-layout-flow\" style=\"padding-right:10px;padding-left:10px;flex-basis:60%\">\n<div class=\"wp-block-group has-global-padding is-content-justification-left is-layout-constrained wp-container-core-group-is-layout-aaf2b7b1 wp-block-group-is-layout-constrained\" style=\"padding-bottom:10px\">\n<p>Payment options: <\/p>\n\n\n\n<ul class=\"wp-block-list\">\n<li>bank transfer (to OTP or Revolut account)<\/li>\n\n\n\n<li>cash<\/li>\n<\/ul>\n\n\n\n<p>It is not possible to pay via health insurance fund (= Eg\u00e9szs\u00e9gp\u00e9nzt\u00e1r). <\/p>\n\n\n\n<p class=\" translation-block\"><strong>The fee for the first counselling session must be paid in advance<\/strong>; only then does the booking for the appointment become final. For the purpose of issuing an invoice, the client must provide their personal details, specifically their full name and home address.<\/p>\n\n\n\n<p class=\" translation-block\">The payment method for subsequent sessions will be agreed during the first session. In the case of cash payment, the counselling fee is payable on site at the end of the session; in the case of bank transfer, <strong>the payment deadline is 2 calendar days<\/strong> from the date the invoice is issued.<\/p>\n\n\n\n<p style=\"margin-top:30px\" class=\" translation-block\"><strong>We can only hold the next session if previous invoices have been paid<\/strong>. A session that cannot be held due to an unpaid invoice will still be invoiced, provided it was not cancelled within the cancellation period.<\/p>\n<\/div>\n<\/div>\n\n\n\n<div class=\"wp-block-column is-layout-flow wp-block-column-is-layout-flow\" style=\"padding-right:10px;padding-left:10px;flex-basis:40%\">\n<figure class=\"wp-block-image size-full has-custom-border\"><img loading=\"lazy\" decoding=\"async\" width=\"2560\" height=\"2560\" src=\"https:\/\/kivesblanka.hu\/wp-content\/uploads\/2024\/09\/pexels-fauxels-3184465-edited-scaled.jpg\" alt=\"\" class=\"wp-image-988\" style=\"border-radius:16px\" srcset=\"https:\/\/kivesblanka.hu\/wp-content\/uploads\/2024\/09\/pexels-fauxels-3184465-edited-scaled.jpg 2560w, https:\/\/kivesblanka.hu\/wp-content\/uploads\/2024\/09\/pexels-fauxels-3184465-edited-300x300.jpg 300w, https:\/\/kivesblanka.hu\/wp-content\/uploads\/2024\/09\/pexels-fauxels-3184465-edited-1024x1024.jpg 1024w, https:\/\/kivesblanka.hu\/wp-content\/uploads\/2024\/09\/pexels-fauxels-3184465-edited-150x150.jpg 150w, https:\/\/kivesblanka.hu\/wp-content\/uploads\/2024\/09\/pexels-fauxels-3184465-edited-768x768.jpg 768w, https:\/\/kivesblanka.hu\/wp-content\/uploads\/2024\/09\/pexels-fauxels-3184465-edited-1536x1536.jpg 1536w, https:\/\/kivesblanka.hu\/wp-content\/uploads\/2024\/09\/pexels-fauxels-3184465-edited-2048x2048.jpg 2048w, https:\/\/kivesblanka.hu\/wp-content\/uploads\/2024\/09\/pexels-fauxels-3184465-edited-12x12.jpg 12w\" sizes=\"auto, (max-width: 2560px) 100vw, 2560px\" \/><\/figure>\n<\/div>\n<\/div>\n<\/div><\/div>\n\n\n\n<div class=\"wp-block-group alignfull is-style-default has-background has-global-padding is-content-justification-center is-layout-constrained wp-block-group-is-layout-constrained\" id=\"K\u00e9rjen-id\u0151pontot!\" style=\"background-color:#ffffff;min-height:0px;margin-top:0px;margin-bottom:0px;padding-top:122px;padding-bottom:80px;background-image:url(&apos;https:\/\/kivesblanka.hu\/wp-content\/uploads\/2024\/06\/adventure-1846482_1280-1.jpg&apos;);background-position:51% 56.99999999999999%;background-size:cover;\">\n<h3 class=\"wp-block-heading has-text-align-center has-text-color\" style=\"color:#ffffff;font-size:clamp(26.465px, 1.654rem + ((1vw - 3.2px) * 2.106), 45px);font-style:normal;font-weight:400\">Request an appointment!<\/h3>\n\n\n\n<div class=\"wp-block-columns is-layout-flex wp-container-core-columns-is-layout-28f84493 wp-block-columns-is-layout-flex\">\n<div class=\"wp-block-column is-layout-flow wp-container-core-column-is-layout-343acf9e wp-block-column-is-layout-flow\">\n<p class=\"has-text-align-center has-text-color\" style=\"color:#ffffff;font-size:clamp(17.371px, 1.086rem + ((1vw - 3.2px) * 1.094), 27px);\">Contact me, feel free to ask questions!<\/p>\n\n\n\n<div class=\"wp-block-buttons is-horizontal is-content-justification-center is-layout-flex wp-container-core-buttons-is-layout-598173bd wp-block-buttons-is-layout-flex\" style=\"margin-top:40px\">\n<div class=\"wp-block-button is-style-fill\"><a class=\"wp-block-button__link has-text-color has-background has-text-align-center has-custom-font-size wp-element-button\" href=\"https:\/\/kivesblanka.hu\/en\/kapcsolat\/\" style=\"border-radius:32px;color:#fdfdfd;background-color:#eb3417e0;padding-top:15px;padding-right:70px;padding-bottom:15px;padding-left:70px;font-size:clamp(14px, 0.875rem + ((1vw - 3.2px) * 0.455), 18px);\">Contact<\/a><\/div>\n<\/div>\n<\/div>\n<\/div>\n<\/div>","protected":false},"excerpt":{"rendered":"<p>K\u00e9rjen id\u0151pontot! Keressen, k\u00e9rdezzen bizalommal!<\/p>","protected":false},"author":1,"featured_media":0,"parent":0,"menu_order":0,"comment_status":"closed","ping_status":"closed","template":"","meta":{"_seopress_robots_primary_cat":"","_seopress_titles_title":"\u00c1rak - Pszichol\u00f3giai tan\u00e1csad\u00e1s Budapesten \u00e9s online","_seopress_titles_desc":"Egy\u00e9ni tan\u00e1csad\u00e1s \u00e1rai magyar \u00e9s angol nyelven\r\nP\u00e1ros tan\u00e1csad\u00e1s \u00e1rai magyar \u00e9s angol nyelven","_seopress_robots_index":"","footnotes":""},"class_list":["post-957","page","type-page","status-publish","hentry"],"_links":{"self":[{"href":"https:\/\/kivesblanka.hu\/en\/wp-json\/wp\/v2\/pages\/957","targetHints":{"allow":["GET"]}}],"collection":[{"href":"https:\/\/kivesblanka.hu\/en\/wp-json\/wp\/v2\/pages"}],"about":[{"href":"https:\/\/kivesblanka.hu\/en\/wp-json\/wp\/v2\/types\/page"}],"author":[{"embeddable":true,"href":"https:\/\/kivesblanka.hu\/en\/wp-json\/wp\/v2\/users\/1"}],"replies":[{"embeddable":true,"href":"https:\/\/kivesblanka.hu\/en\/wp-json\/wp\/v2\/comments?post=957"}],"version-history":[{"count":42,"href":"https:\/\/kivesblanka.hu\/en\/wp-json\/wp\/v2\/pages\/957\/revisions"}],"predecessor-version":[{"id":1575,"href":"https:\/\/kivesblanka.hu\/en\/wp-json\/wp\/v2\/pages\/957\/revisions\/1575"}],"wp:attachment":[{"href":"https:\/\/kivesblanka.hu\/en\/wp-json\/wp\/v2\/media?parent=957"}],"curies":[{"name":"wp","href":"https:\/\/api.w.org\/{rel}","templated":true}]}}